{"id":160652,"date":"2022-05-12T18:40:46","date_gmt":"2022-05-12T23:40:46","guid":{"rendered":"https:\/\/website.dev.stmtires.com\/shop\/sin categor\u00eda\/245-45r17-xl-blizzak-ws90\/"},"modified":"2022-05-12T18:40:46","modified_gmt":"2022-05-12T23:40:46","slug":"245-45r17-xl-blizzak-ws90-2","status":"publish","type":"product","link":"https:\/\/stmtires.com\/es\/shop\/bridgestone-es\/245-45r17-xl-blizzak-ws90-2\/","title":{"rendered":"245\/45R17 XL BLIZZAK WS90"},"content":{"rendered":"<p>Neum\u00e1tico de invierno para autom\u00f3viles de pasajeros dise\u00f1ado para sedanes y minivans. Tecnolog\u00eda Run Flat disponible en tama\u00f1os seleccionados.<\/p>\n","protected":false},"excerpt":{"rendered":"<p>Neum\u00e1tico de invierno para autom\u00f3viles de pasajeros dise\u00f1ado para sedanes y minivans. Tecnolog\u00eda Run Flat disponible en tama\u00f1os seleccionados.<\/p>\n","protected":false},"featured_media":0,"comment_status":"open","ping_status":"closed","template":"","meta":{"_acf_changed":false,"subheading":[]},"product_model":[23092],"product_brand":[],"product_cat":[19271,19265,16295,19253],"product_tag":[],"class_list":{"0":"post-160652","1":"product","2":"type-product","3":"status-publish","5":"product_model-blizzak-ws90-es","6":"product_cat-corre-plano","7":"product_cat-invierno","8":"product_cat-run-flat","9":"product_cat-uncategorized","10":"pa_tire-size-245-45r17-es","12":"first","13":"instock","14":"shipping-taxable","15":"purchasable","16":"product-type-simple"},"acf":[],"_links":{"self":[{"href":"https:\/\/stmtires.com\/es\/wp-json\/wp\/v2\/product\/160652","targetHints":{"allow":["GET"]}}],"collection":[{"href":"https:\/\/stmtires.com\/es\/wp-json\/wp\/v2\/product"}],"about":[{"href":"https:\/\/stmtires.com\/es\/wp-json\/wp\/v2\/types\/product"}],"replies":[{"embeddable":true,"href":"https:\/\/stmtires.com\/es\/wp-json\/wp\/v2\/comments?post=160652"}],"wp:attachment":[{"href":"https:\/\/stmtires.com\/es\/wp-json\/wp\/v2\/media?parent=160652"}],"wp:term":[{"taxonomy":"product_model","embeddable":true,"href":"https:\/\/stmtires.com\/es\/wp-json\/wp\/v2\/product_model?post=160652"},{"taxonomy":"product_brand","embeddable":true,"href":"https:\/\/stmtires.com\/es\/wp-json\/wp\/v2\/product_brand?post=160652"},{"taxonomy":"product_cat","embeddable":true,"href":"https:\/\/stmtires.com\/es\/wp-json\/wp\/v2\/product_cat?post=160652"},{"taxonomy":"product_tag","embeddable":true,"href":"https:\/\/stmtires.com\/es\/wp-json\/wp\/v2\/product_tag?post=160652"}],"curies":[{"name":"wp","href":"https:\/\/api.w.org\/{rel}","templated":true}]}}