{"id":160679,"date":"2022-05-12T18:10:59","date_gmt":"2022-05-12T23:10:59","guid":{"rendered":"https:\/\/website.dev.stmtires.com\/shop\/sin categor\u00eda\/245-45r20-xl-advan-sport-a-s\/"},"modified":"2022-05-20T16:06:09","modified_gmt":"2022-05-20T21:06:09","slug":"245-45r20-xl-advan-sport-a-s-3","status":"publish","type":"product","link":"https:\/\/stmtires.com\/es\/shop\/yokohama\/245-45r20-xl-advan-sport-a-s-3\/","title":{"rendered":"245\/45R20 XL ADVAN SPORT A\/S"},"content":{"rendered":"<p>Neum\u00e1tico de autom\u00f3vil de pasajeros de ultra alto rendimiento para todas las estaciones dise\u00f1ado para autom\u00f3viles deportivos y de lujo que exigen un gran rendimiento.<\/p>\n","protected":false},"excerpt":{"rendered":"<p>Neum\u00e1tico de autom\u00f3vil de pasajeros de ultra alto rendimiento para todas las estaciones dise\u00f1ado para autom\u00f3viles deportivos y de lujo que exigen un gran rendimiento.<\/p>\n","protected":false},"featured_media":221124,"comment_status":"open","ping_status":"closed","template":"","meta":{"_acf_changed":false,"subheading":[]},"product_model":[23061],"product_brand":[54],"product_cat":[19264,16236,16436,19253],"product_tag":[],"class_list":{"0":"post-160679","1":"product","2":"type-product","3":"status-publish","4":"has-post-thumbnail","6":"product_model-advan-sport-a-s-es","7":"product_brand-yokohama","8":"product_cat-alto-rendimiento-hp","9":"product_cat-high-performance-hp","10":"product_cat-rendimiento-ultra-alto-uhp","11":"product_cat-uncategorized","12":"pa_tire-size-245-45r20-es","14":"first","15":"instock","16":"shipping-taxable","17":"purchasable","18":"product-type-simple"},"acf":[],"_links":{"self":[{"href":"https:\/\/stmtires.com\/es\/wp-json\/wp\/v2\/product\/160679","targetHints":{"allow":["GET"]}}],"collection":[{"href":"https:\/\/stmtires.com\/es\/wp-json\/wp\/v2\/product"}],"about":[{"href":"https:\/\/stmtires.com\/es\/wp-json\/wp\/v2\/types\/product"}],"replies":[{"embeddable":true,"href":"https:\/\/stmtires.com\/es\/wp-json\/wp\/v2\/comments?post=160679"}],"wp:featuredmedia":[{"embeddable":true,"href":"https:\/\/stmtires.com\/es\/wp-json\/wp\/v2\/media\/221124"}],"wp:attachment":[{"href":"https:\/\/stmtires.com\/es\/wp-json\/wp\/v2\/media?parent=160679"}],"wp:term":[{"taxonomy":"product_model","embeddable":true,"href":"https:\/\/stmtires.com\/es\/wp-json\/wp\/v2\/product_model?post=160679"},{"taxonomy":"product_brand","embeddable":true,"href":"https:\/\/stmtires.com\/es\/wp-json\/wp\/v2\/product_brand?post=160679"},{"taxonomy":"product_cat","embeddable":true,"href":"https:\/\/stmtires.com\/es\/wp-json\/wp\/v2\/product_cat?post=160679"},{"taxonomy":"product_tag","embeddable":true,"href":"https:\/\/stmtires.com\/es\/wp-json\/wp\/v2\/product_tag?post=160679"}],"curies":[{"name":"wp","href":"https:\/\/api.w.org\/{rel}","templated":true}]}}