{"id":161310,"date":"2022-05-12T18:37:07","date_gmt":"2022-05-12T23:37:07","guid":{"rendered":"https:\/\/website.dev.stmtires.com\/shop\/sin categor\u00eda\/285-35zrf20-potenza-s007-runflat\/"},"modified":"2022-05-12T18:37:07","modified_gmt":"2022-05-12T23:37:07","slug":"285-35zrf20-potenza-s007-runflat-2","status":"publish","type":"product","link":"https:\/\/stmtires.com\/es\/shop\/bridgestone-es\/285-35zrf20-potenza-s007-runflat-2\/","title":{"rendered":"285\/35ZRF20 POTENZA S007 RUNFLAT"},"content":{"rendered":"<p>Neum\u00e1tico de verano para autom\u00f3viles de pasajeros de ultra alto rendimiento Desarrollado especialmente para veh\u00edculos deportivos de alta velocidad. Equipo original: neum\u00e1tico de tecnolog\u00eda convencional y run-flat (RFT) en veh\u00edculos seleccionados.<\/p>\n","protected":false},"excerpt":{"rendered":"<p>Neum\u00e1tico de verano para autom\u00f3viles de pasajeros de ultra alto rendimiento Desarrollado especialmente para veh\u00edculos deportivos de alta velocidad. Equipo original: neum\u00e1tico de tecnolog\u00eda convencional y run-flat (RFT) en veh\u00edculos seleccionados.<\/p>\n","protected":false},"featured_media":0,"comment_status":"open","ping_status":"closed","template":"","meta":{"_acf_changed":false,"subheading":[]},"product_model":[23060],"product_brand":[],"product_cat":[19264,19271,19242,19336,16436,16295,19253],"product_tag":[],"class_list":{"0":"post-161310","1":"product","2":"type-product","3":"status-publish","5":"product_model-potenza-s007-es","6":"product_cat-alto-rendimiento-hp","7":"product_cat-corre-plano","8":"product_cat-equipo-original-oe","9":"product_cat-posicion-del-remolque","10":"product_cat-rendimiento-ultra-alto-uhp","11":"product_cat-run-flat","12":"product_cat-uncategorized","13":"pa_tire-size-285-35r20-es","15":"first","16":"instock","17":"shipping-taxable","18":"purchasable","19":"product-type-simple"},"acf":[],"_links":{"self":[{"href":"https:\/\/stmtires.com\/es\/wp-json\/wp\/v2\/product\/161310","targetHints":{"allow":["GET"]}}],"collection":[{"href":"https:\/\/stmtires.com\/es\/wp-json\/wp\/v2\/product"}],"about":[{"href":"https:\/\/stmtires.com\/es\/wp-json\/wp\/v2\/types\/product"}],"replies":[{"embeddable":true,"href":"https:\/\/stmtires.com\/es\/wp-json\/wp\/v2\/comments?post=161310"}],"wp:attachment":[{"href":"https:\/\/stmtires.com\/es\/wp-json\/wp\/v2\/media?parent=161310"}],"wp:term":[{"taxonomy":"product_model","embeddable":true,"href":"https:\/\/stmtires.com\/es\/wp-json\/wp\/v2\/product_model?post=161310"},{"taxonomy":"product_brand","embeddable":true,"href":"https:\/\/stmtires.com\/es\/wp-json\/wp\/v2\/product_brand?post=161310"},{"taxonomy":"product_cat","embeddable":true,"href":"https:\/\/stmtires.com\/es\/wp-json\/wp\/v2\/product_cat?post=161310"},{"taxonomy":"product_tag","embeddable":true,"href":"https:\/\/stmtires.com\/es\/wp-json\/wp\/v2\/product_tag?post=161310"}],"curies":[{"name":"wp","href":"https:\/\/api.w.org\/{rel}","templated":true}]}}