{"id":161353,"date":"2022-05-12T18:36:46","date_gmt":"2022-05-12T23:36:46","guid":{"rendered":"https:\/\/website.dev.stmtires.com\/shop\/sin categor\u00eda\/215-60r17-ecopia-h-l-422-plus\/"},"modified":"2022-05-12T18:36:46","modified_gmt":"2022-05-12T23:36:46","slug":"215-60r17-ecopia-h-l-422-plus-2","status":"publish","type":"product","link":"https:\/\/stmtires.com\/es\/shop\/bridgestone-es\/215-60r17-ecopia-h-l-422-plus-2\/","title":{"rendered":"215\/60R17 ECOPIA H\/L 422 PLUS"},"content":{"rendered":"<p>Llanta de cami\u00f3n ligero de pasajeros, SUV y minivan para todas las estaciones. Tecnolog\u00eda Run Flat disponible en tama\u00f1os seleccionados.<\/p>\n","protected":false},"excerpt":{"rendered":"<p>Llanta de cami\u00f3n ligero de pasajeros, SUV y minivan para todas las estaciones. Tecnolog\u00eda Run Flat disponible en tama\u00f1os seleccionados.<\/p>\n","protected":false},"featured_media":0,"comment_status":"open","ping_status":"closed","template":"","meta":{"_acf_changed":false,"subheading":[]},"product_model":[23009],"product_brand":[],"product_cat":[19271,25986,16295,19253],"product_tag":[],"class_list":{"0":"post-161353","1":"product","2":"type-product","3":"status-publish","5":"product_model-ecopia-h-l-422-plus-es","6":"product_cat-corre-plano","7":"product_cat-luz-de-pasajero","8":"product_cat-run-flat","9":"product_cat-uncategorized","10":"pa_tire-size-215-60r17-es","12":"first","13":"instock","14":"shipping-taxable","15":"purchasable","16":"product-type-simple"},"acf":[],"_links":{"self":[{"href":"https:\/\/stmtires.com\/es\/wp-json\/wp\/v2\/product\/161353","targetHints":{"allow":["GET"]}}],"collection":[{"href":"https:\/\/stmtires.com\/es\/wp-json\/wp\/v2\/product"}],"about":[{"href":"https:\/\/stmtires.com\/es\/wp-json\/wp\/v2\/types\/product"}],"replies":[{"embeddable":true,"href":"https:\/\/stmtires.com\/es\/wp-json\/wp\/v2\/comments?post=161353"}],"wp:attachment":[{"href":"https:\/\/stmtires.com\/es\/wp-json\/wp\/v2\/media?parent=161353"}],"wp:term":[{"taxonomy":"product_model","embeddable":true,"href":"https:\/\/stmtires.com\/es\/wp-json\/wp\/v2\/product_model?post=161353"},{"taxonomy":"product_brand","embeddable":true,"href":"https:\/\/stmtires.com\/es\/wp-json\/wp\/v2\/product_brand?post=161353"},{"taxonomy":"product_cat","embeddable":true,"href":"https:\/\/stmtires.com\/es\/wp-json\/wp\/v2\/product_cat?post=161353"},{"taxonomy":"product_tag","embeddable":true,"href":"https:\/\/stmtires.com\/es\/wp-json\/wp\/v2\/product_tag?post=161353"}],"curies":[{"name":"wp","href":"https:\/\/api.w.org\/{rel}","templated":true}]}}