{"id":161413,"date":"2022-05-12T18:36:22","date_gmt":"2022-05-12T23:36:22","guid":{"rendered":"https:\/\/website.dev.stmtires.com\/shop\/sin categor\u00eda\/8r19-5-f-r187\/"},"modified":"2022-05-12T18:36:22","modified_gmt":"2022-05-12T23:36:22","slug":"8r19-5-f-r187-2","status":"publish","type":"product","link":"https:\/\/stmtires.com\/es\/shop\/bridgestone-es\/8r19-5-f-r187-2\/","title":{"rendered":"8R19.5 F R187"},"content":{"rendered":"<p>Neum\u00e1tico de dise\u00f1o de costilla de cami\u00f3n ligero \/ mediano para todas las estaciones.<\/p>\n","protected":false},"excerpt":{"rendered":"<p>Neum\u00e1tico de dise\u00f1o de costilla de cami\u00f3n ligero \/ mediano para todas las estaciones.<\/p>\n","protected":false},"featured_media":222504,"comment_status":"open","ping_status":"closed","template":"","meta":{"_acf_changed":false,"subheading":[]},"product_model":[22914],"product_brand":[],"product_cat":[19324,16312,19316,19253],"product_tag":[],"class_list":{"0":"post-161413","1":"product","2":"type-product","3":"status-publish","4":"has-post-thumbnail","6":"product_model-r187-es","7":"product_cat-costilla","8":"product_cat-rib","9":"product_cat-todas-las-posiciones","10":"product_cat-uncategorized","11":"pa_tire-size-8r19-5-es","13":"first","14":"instock","15":"shipping-taxable","16":"purchasable","17":"product-type-simple"},"acf":[],"_links":{"self":[{"href":"https:\/\/stmtires.com\/es\/wp-json\/wp\/v2\/product\/161413","targetHints":{"allow":["GET"]}}],"collection":[{"href":"https:\/\/stmtires.com\/es\/wp-json\/wp\/v2\/product"}],"about":[{"href":"https:\/\/stmtires.com\/es\/wp-json\/wp\/v2\/types\/product"}],"replies":[{"embeddable":true,"href":"https:\/\/stmtires.com\/es\/wp-json\/wp\/v2\/comments?post=161413"}],"wp:featuredmedia":[{"embeddable":true,"href":"https:\/\/stmtires.com\/es\/wp-json\/wp\/v2\/media\/222504"}],"wp:attachment":[{"href":"https:\/\/stmtires.com\/es\/wp-json\/wp\/v2\/media?parent=161413"}],"wp:term":[{"taxonomy":"product_model","embeddable":true,"href":"https:\/\/stmtires.com\/es\/wp-json\/wp\/v2\/product_model?post=161413"},{"taxonomy":"product_brand","embeddable":true,"href":"https:\/\/stmtires.com\/es\/wp-json\/wp\/v2\/product_brand?post=161413"},{"taxonomy":"product_cat","embeddable":true,"href":"https:\/\/stmtires.com\/es\/wp-json\/wp\/v2\/product_cat?post=161413"},{"taxonomy":"product_tag","embeddable":true,"href":"https:\/\/stmtires.com\/es\/wp-json\/wp\/v2\/product_tag?post=161413"}],"curies":[{"name":"wp","href":"https:\/\/api.w.org\/{rel}","templated":true}]}}