{"id":161782,"date":"2022-05-12T16:40:12","date_gmt":"2022-05-12T21:40:12","guid":{"rendered":"https:\/\/website.dev.stmtires.com\/shop\/sin categor\u00eda\/245-45zr18-advan-sport-v103-rf\/"},"modified":"2022-05-12T16:40:12","modified_gmt":"2022-05-12T21:40:12","slug":"245-45zr18-advan-sport-v103-rf-2","status":"publish","type":"product","link":"https:\/\/stmtires.com\/es\/shop\/yokohama\/245-45zr18-advan-sport-v103-rf-2\/","title":{"rendered":"245\/45ZR18 ADVAN SPORT (V103) RF"},"content":{"rendered":"<p>Neum\u00e1tico de autom\u00f3vil de pasajeros de ultra alto rendimiento para entusiastas y autom\u00f3viles de prestigio de alta potencia.<\/p>\n","protected":false},"excerpt":{"rendered":"<p>Neum\u00e1tico de autom\u00f3vil de pasajeros de ultra alto rendimiento para entusiastas y autom\u00f3viles de prestigio de alta potencia.<\/p>\n","protected":false},"featured_media":222057,"comment_status":"open","ping_status":"closed","template":"","meta":{"_acf_changed":false,"subheading":[]},"product_model":[22923],"product_brand":[54],"product_cat":[19264,16236,16436],"product_tag":[],"class_list":{"0":"post-161782","1":"product","2":"type-product","3":"status-publish","4":"has-post-thumbnail","6":"product_model-advan-sport-es","7":"product_brand-yokohama","8":"product_cat-alto-rendimiento-hp","9":"product_cat-high-performance-hp","10":"product_cat-rendimiento-ultra-alto-uhp","11":"pa_tire-size-245-45r18-es","13":"first","14":"instock","15":"shipping-taxable","16":"purchasable","17":"product-type-simple"},"acf":[],"_links":{"self":[{"href":"https:\/\/stmtires.com\/es\/wp-json\/wp\/v2\/product\/161782","targetHints":{"allow":["GET"]}}],"collection":[{"href":"https:\/\/stmtires.com\/es\/wp-json\/wp\/v2\/product"}],"about":[{"href":"https:\/\/stmtires.com\/es\/wp-json\/wp\/v2\/types\/product"}],"replies":[{"embeddable":true,"href":"https:\/\/stmtires.com\/es\/wp-json\/wp\/v2\/comments?post=161782"}],"wp:featuredmedia":[{"embeddable":true,"href":"https:\/\/stmtires.com\/es\/wp-json\/wp\/v2\/media\/222057"}],"wp:attachment":[{"href":"https:\/\/stmtires.com\/es\/wp-json\/wp\/v2\/media?parent=161782"}],"wp:term":[{"taxonomy":"product_model","embeddable":true,"href":"https:\/\/stmtires.com\/es\/wp-json\/wp\/v2\/product_model?post=161782"},{"taxonomy":"product_brand","embeddable":true,"href":"https:\/\/stmtires.com\/es\/wp-json\/wp\/v2\/product_brand?post=161782"},{"taxonomy":"product_cat","embeddable":true,"href":"https:\/\/stmtires.com\/es\/wp-json\/wp\/v2\/product_cat?post=161782"},{"taxonomy":"product_tag","embeddable":true,"href":"https:\/\/stmtires.com\/es\/wp-json\/wp\/v2\/product_tag?post=161782"}],"curies":[{"name":"wp","href":"https:\/\/api.w.org\/{rel}","templated":true}]}}