{"id":161936,"date":"2022-05-11T11:54:24","date_gmt":"2022-05-11T16:54:24","guid":{"rendered":"https:\/\/website.dev.stmtires.com\/shop\/sin categor\u00eda\/215-35zr18-xl-pilot-sport-4s\/"},"modified":"2022-05-11T11:54:24","modified_gmt":"2022-05-11T16:54:24","slug":"215-35zr18-xl-piloto-sport-4s","status":"publish","type":"product","link":"https:\/\/stmtires.com\/es\/shop\/michelin-es\/215-35zr18-xl-piloto-sport-4s\/","title":{"rendered":"215\/35ZR18 XL PILOT SPORT 4S"},"content":{"rendered":"<p>Neum\u00e1tico de coche de pasajeros Summer Max Performance. Tecnolog\u00eda Run Flat disponible en tama\u00f1os seleccionados.<\/p>\n","protected":false},"excerpt":{"rendered":"<p>Neum\u00e1tico de coche de pasajeros Summer Max Performance. Tecnolog\u00eda Run Flat disponible en tama\u00f1os seleccionados.<\/p>\n","protected":false},"featured_media":0,"comment_status":"open","ping_status":"closed","template":"","meta":{"_acf_changed":false,"subheading":[]},"product_model":[22347],"product_brand":[15734],"product_cat":[19261,16438,16436,16437],"product_tag":[],"class_list":{"0":"post-161936","1":"product","2":"type-product","3":"status-publish","5":"product_model-pilot-sport-4s-es-2","6":"product_brand-michelin-es","7":"product_cat-camion-ligero-comercial-furgoneta","8":"product_cat-coche-de-pasajeros-minivan","9":"product_cat-rendimiento-ultra-alto-uhp","10":"product_cat-toda-la-temporada-a-s","11":"pa_tire-size-215-35r18-es","13":"first","14":"instock","15":"shipping-taxable","16":"purchasable","17":"product-type-simple"},"acf":[],"_links":{"self":[{"href":"https:\/\/stmtires.com\/es\/wp-json\/wp\/v2\/product\/161936","targetHints":{"allow":["GET"]}}],"collection":[{"href":"https:\/\/stmtires.com\/es\/wp-json\/wp\/v2\/product"}],"about":[{"href":"https:\/\/stmtires.com\/es\/wp-json\/wp\/v2\/types\/product"}],"replies":[{"embeddable":true,"href":"https:\/\/stmtires.com\/es\/wp-json\/wp\/v2\/comments?post=161936"}],"wp:attachment":[{"href":"https:\/\/stmtires.com\/es\/wp-json\/wp\/v2\/media?parent=161936"}],"wp:term":[{"taxonomy":"product_model","embeddable":true,"href":"https:\/\/stmtires.com\/es\/wp-json\/wp\/v2\/product_model?post=161936"},{"taxonomy":"product_brand","embeddable":true,"href":"https:\/\/stmtires.com\/es\/wp-json\/wp\/v2\/product_brand?post=161936"},{"taxonomy":"product_cat","embeddable":true,"href":"https:\/\/stmtires.com\/es\/wp-json\/wp\/v2\/product_cat?post=161936"},{"taxonomy":"product_tag","embeddable":true,"href":"https:\/\/stmtires.com\/es\/wp-json\/wp\/v2\/product_tag?post=161936"}],"curies":[{"name":"wp","href":"https:\/\/api.w.org\/{rel}","templated":true}]}}