{"id":162149,"date":"2022-05-12T18:29:28","date_gmt":"2022-05-12T23:29:28","guid":{"rendered":"https:\/\/website.dev.stmtires.com\/shop\/sin categor\u00eda\/14-00-24-l-y67\/"},"modified":"2022-05-12T18:29:28","modified_gmt":"2022-05-12T23:29:28","slug":"14-00-24-l-y67-2","status":"publish","type":"product","link":"https:\/\/stmtires.com\/es\/shop\/yokohama\/14-00-24-l-y67-2\/","title":{"rendered":"14.00.24 L Y67"},"content":{"rendered":"<p>Vers\u00e1til neum\u00e1tico OTR Mining\/Construction E-3\/G-3\/IND-3\/L-3\/L-4 con compuestos espec\u00edficos y patrones de banda de rodadura para una amplia variedad de aplicaciones. Consulte Tama\u00f1os y especificaciones para aplicaciones espec\u00edficas.<\/p>\n","protected":false},"excerpt":{"rendered":"<p>Vers\u00e1til neum\u00e1tico OTR Mining\/Construction E-3\/G-3\/IND-3\/L-3\/L-4 con compuestos espec\u00edficos y patrones de banda de rodadura para una amplia variedad de aplicaciones. Consulte Tama\u00f1os y especificaciones para aplicaciones espec\u00edficas.<\/p>\n","protected":false},"featured_media":0,"comment_status":"open","ping_status":"closed","template":"","meta":{"_acf_changed":false,"subheading":[]},"product_model":[22885],"product_brand":[54],"product_cat":[19313,19253],"product_tag":[],"class_list":{"0":"post-162149","1":"product","2":"type-product","3":"status-publish","5":"product_model-y67-es","6":"product_brand-yokohama","7":"product_cat-mineria","8":"product_cat-uncategorized","9":"pa_tire-size-14r24-es","11":"first","12":"instock","13":"shipping-taxable","14":"purchasable","15":"product-type-simple"},"acf":[],"_links":{"self":[{"href":"https:\/\/stmtires.com\/es\/wp-json\/wp\/v2\/product\/162149","targetHints":{"allow":["GET"]}}],"collection":[{"href":"https:\/\/stmtires.com\/es\/wp-json\/wp\/v2\/product"}],"about":[{"href":"https:\/\/stmtires.com\/es\/wp-json\/wp\/v2\/types\/product"}],"replies":[{"embeddable":true,"href":"https:\/\/stmtires.com\/es\/wp-json\/wp\/v2\/comments?post=162149"}],"wp:attachment":[{"href":"https:\/\/stmtires.com\/es\/wp-json\/wp\/v2\/media?parent=162149"}],"wp:term":[{"taxonomy":"product_model","embeddable":true,"href":"https:\/\/stmtires.com\/es\/wp-json\/wp\/v2\/product_model?post=162149"},{"taxonomy":"product_brand","embeddable":true,"href":"https:\/\/stmtires.com\/es\/wp-json\/wp\/v2\/product_brand?post=162149"},{"taxonomy":"product_cat","embeddable":true,"href":"https:\/\/stmtires.com\/es\/wp-json\/wp\/v2\/product_cat?post=162149"},{"taxonomy":"product_tag","embeddable":true,"href":"https:\/\/stmtires.com\/es\/wp-json\/wp\/v2\/product_tag?post=162149"}],"curies":[{"name":"wp","href":"https:\/\/api.w.org\/{rel}","templated":true}]}}