{"id":162305,"date":"2022-05-05T14:14:52","date_gmt":"2022-05-05T19:14:52","guid":{"rendered":"https:\/\/website.dev.stmtires.com\/shop\/sin categor\u00eda\/275-35zr21-xl-fr-contisportcontacto-5p-n1\/"},"modified":"2022-05-05T14:14:52","modified_gmt":"2022-05-05T19:14:52","slug":"275-35zr21-xl-fr-contisportcontact-5p-n1-2","status":"publish","type":"product","link":"https:\/\/stmtires.com\/es\/shop\/continental-es\/275-35zr21-xl-fr-contisportcontact-5p-n1-2\/","title":{"rendered":"275\/35ZR21 XL FR CONTISPORTCONTACTO 5P N1"},"content":{"rendered":"<p>Neum\u00e1tico de verano para turismos de ultra alto rendimiento. Tecnolog\u00eda Run Flat disponible en tama\u00f1os seleccionados.<\/p>\n","protected":false},"excerpt":{"rendered":"<p>Neum\u00e1tico de verano para turismos de ultra alto rendimiento. Tecnolog\u00eda Run Flat disponible en tama\u00f1os seleccionados.<\/p>\n","protected":false},"featured_media":224530,"comment_status":"open","ping_status":"closed","template":"","meta":{"_acf_changed":false,"subheading":[]},"product_model":[22238],"product_brand":[15742],"product_cat":[19264,19271,16436,16295],"product_tag":[],"class_list":{"0":"post-162305","1":"product","2":"type-product","3":"status-publish","4":"has-post-thumbnail","6":"product_model-contisportcontact-5p-es","7":"product_brand-continental-es","8":"product_cat-alto-rendimiento-hp","9":"product_cat-corre-plano","10":"product_cat-rendimiento-ultra-alto-uhp","11":"product_cat-run-flat","12":"pa_tire-size-275-35r21-es","14":"first","15":"instock","16":"shipping-taxable","17":"purchasable","18":"product-type-simple"},"acf":[],"_links":{"self":[{"href":"https:\/\/stmtires.com\/es\/wp-json\/wp\/v2\/product\/162305","targetHints":{"allow":["GET"]}}],"collection":[{"href":"https:\/\/stmtires.com\/es\/wp-json\/wp\/v2\/product"}],"about":[{"href":"https:\/\/stmtires.com\/es\/wp-json\/wp\/v2\/types\/product"}],"replies":[{"embeddable":true,"href":"https:\/\/stmtires.com\/es\/wp-json\/wp\/v2\/comments?post=162305"}],"wp:featuredmedia":[{"embeddable":true,"href":"https:\/\/stmtires.com\/es\/wp-json\/wp\/v2\/media\/224530"}],"wp:attachment":[{"href":"https:\/\/stmtires.com\/es\/wp-json\/wp\/v2\/media?parent=162305"}],"wp:term":[{"taxonomy":"product_model","embeddable":true,"href":"https:\/\/stmtires.com\/es\/wp-json\/wp\/v2\/product_model?post=162305"},{"taxonomy":"product_brand","embeddable":true,"href":"https:\/\/stmtires.com\/es\/wp-json\/wp\/v2\/product_brand?post=162305"},{"taxonomy":"product_cat","embeddable":true,"href":"https:\/\/stmtires.com\/es\/wp-json\/wp\/v2\/product_cat?post=162305"},{"taxonomy":"product_tag","embeddable":true,"href":"https:\/\/stmtires.com\/es\/wp-json\/wp\/v2\/product_tag?post=162305"}],"curies":[{"name":"wp","href":"https:\/\/api.w.org\/{rel}","templated":true}]}}