{"id":162391,"date":"2022-05-02T04:33:44","date_gmt":"2022-05-02T09:33:44","guid":{"rendered":"https:\/\/website.dev.stmtires.com\/shop\/sin categor\u00eda\/295-45zr19-crosscontact-uhp-mo\/"},"modified":"2022-05-02T04:33:44","modified_gmt":"2022-05-02T09:33:44","slug":"295-45zr19-crosscontact-uhp-mo-2","status":"publish","type":"product","link":"https:\/\/stmtires.com\/es\/shop\/continental-es\/295-45zr19-crosscontact-uhp-mo-2\/","title":{"rendered":"295\/45ZR19 CROSSCONTACT UHP MO"},"content":{"rendered":"<p>Neum\u00e1tico de cami\u00f3n ligero \/ SUV de pasajeros de ultra alto rendimiento de verano. Equipo original en veh\u00edculos seleccionados. Tecnolog\u00eda RunFlat (SSR) autoportante disponible en tama\u00f1os seleccionados.<\/p>\n","protected":false},"excerpt":{"rendered":"<p>Neum\u00e1tico de cami\u00f3n ligero \/ SUV de pasajeros de ultra alto rendimiento de verano. Equipo original en veh\u00edculos seleccionados. Tecnolog\u00eda RunFlat (SSR) autoportante disponible en tama\u00f1os seleccionados.<\/p>\n","protected":false},"featured_media":224795,"comment_status":"open","ping_status":"closed","template":"","meta":{"_acf_changed":false,"subheading":[]},"product_model":[22231],"product_brand":[15742],"product_cat":[19264,19241,19288,25986,16436],"product_tag":[],"class_list":{"0":"post-162391","1":"product","2":"type-product","3":"status-publish","4":"has-post-thumbnail","6":"product_model-crosscontact-uhp-es","7":"product_brand-continental-es","8":"product_cat-alto-rendimiento-hp","9":"product_cat-camion-ligero-de-pasajeros-suv","10":"product_cat-conducir","11":"product_cat-luz-de-pasajero","12":"product_cat-rendimiento-ultra-alto-uhp","13":"pa_tire-size-295-45r19-es","15":"first","16":"instock","17":"shipping-taxable","18":"purchasable","19":"product-type-simple"},"acf":[],"_links":{"self":[{"href":"https:\/\/stmtires.com\/es\/wp-json\/wp\/v2\/product\/162391","targetHints":{"allow":["GET"]}}],"collection":[{"href":"https:\/\/stmtires.com\/es\/wp-json\/wp\/v2\/product"}],"about":[{"href":"https:\/\/stmtires.com\/es\/wp-json\/wp\/v2\/types\/product"}],"replies":[{"embeddable":true,"href":"https:\/\/stmtires.com\/es\/wp-json\/wp\/v2\/comments?post=162391"}],"wp:featuredmedia":[{"embeddable":true,"href":"https:\/\/stmtires.com\/es\/wp-json\/wp\/v2\/media\/224795"}],"wp:attachment":[{"href":"https:\/\/stmtires.com\/es\/wp-json\/wp\/v2\/media?parent=162391"}],"wp:term":[{"taxonomy":"product_model","embeddable":true,"href":"https:\/\/stmtires.com\/es\/wp-json\/wp\/v2\/product_model?post=162391"},{"taxonomy":"product_brand","embeddable":true,"href":"https:\/\/stmtires.com\/es\/wp-json\/wp\/v2\/product_brand?post=162391"},{"taxonomy":"product_cat","embeddable":true,"href":"https:\/\/stmtires.com\/es\/wp-json\/wp\/v2\/product_cat?post=162391"},{"taxonomy":"product_tag","embeddable":true,"href":"https:\/\/stmtires.com\/es\/wp-json\/wp\/v2\/product_tag?post=162391"}],"curies":[{"name":"wp","href":"https:\/\/api.w.org\/{rel}","templated":true}]}}