{"id":163223,"date":"2022-05-02T03:29:38","date_gmt":"2022-05-02T08:29:38","guid":{"rendered":"https:\/\/website.dev.stmtires.com\/shop\/sin categor\u00eda\/195-50zr16-fr-extremecontact-sport\/"},"modified":"2022-05-02T03:29:38","modified_gmt":"2022-05-02T08:29:38","slug":"195-50zr16-fr-extremecontact-sport-2","status":"publish","type":"product","link":"https:\/\/stmtires.com\/es\/shop\/continental-es\/195-50zr16-fr-extremecontact-sport-2\/","title":{"rendered":"195\/50ZR16 FR EXTREMECONTACT SPORT"},"content":{"rendered":"<p>Neum\u00e1tico de autom\u00f3vil de pasajeros de ultra alto rendimiento de verano construido para entusiastas de los autom\u00f3viles.<\/p>\n","protected":false},"excerpt":{"rendered":"<p>Neum\u00e1tico de autom\u00f3vil de pasajeros de ultra alto rendimiento de verano construido para entusiastas de los autom\u00f3viles.<\/p>\n","protected":false},"featured_media":225462,"comment_status":"open","ping_status":"closed","template":"","meta":{"_acf_changed":false,"subheading":[]},"product_model":[22289],"product_brand":[15742],"product_cat":[19264,25986,25185,16436,19290],"product_tag":[],"class_list":{"0":"post-163223","1":"product","2":"type-product","3":"status-publish","4":"has-post-thumbnail","6":"product_model-extremecontact-sport-es","7":"product_brand-continental-es","8":"product_cat-alto-rendimiento-hp","9":"product_cat-luz-de-pasajero","10":"product_cat-passenger-light","11":"product_cat-rendimiento-ultra-alto-uhp","12":"product_cat-studdable-es","13":"pa_tire-size-195-50r16-es","15":"first","16":"instock","17":"shipping-taxable","18":"purchasable","19":"product-type-simple"},"acf":[],"_links":{"self":[{"href":"https:\/\/stmtires.com\/es\/wp-json\/wp\/v2\/product\/163223","targetHints":{"allow":["GET"]}}],"collection":[{"href":"https:\/\/stmtires.com\/es\/wp-json\/wp\/v2\/product"}],"about":[{"href":"https:\/\/stmtires.com\/es\/wp-json\/wp\/v2\/types\/product"}],"replies":[{"embeddable":true,"href":"https:\/\/stmtires.com\/es\/wp-json\/wp\/v2\/comments?post=163223"}],"wp:featuredmedia":[{"embeddable":true,"href":"https:\/\/stmtires.com\/es\/wp-json\/wp\/v2\/media\/225462"}],"wp:attachment":[{"href":"https:\/\/stmtires.com\/es\/wp-json\/wp\/v2\/media?parent=163223"}],"wp:term":[{"taxonomy":"product_model","embeddable":true,"href":"https:\/\/stmtires.com\/es\/wp-json\/wp\/v2\/product_model?post=163223"},{"taxonomy":"product_brand","embeddable":true,"href":"https:\/\/stmtires.com\/es\/wp-json\/wp\/v2\/product_brand?post=163223"},{"taxonomy":"product_cat","embeddable":true,"href":"https:\/\/stmtires.com\/es\/wp-json\/wp\/v2\/product_cat?post=163223"},{"taxonomy":"product_tag","embeddable":true,"href":"https:\/\/stmtires.com\/es\/wp-json\/wp\/v2\/product_tag?post=163223"}],"curies":[{"name":"wp","href":"https:\/\/api.w.org\/{rel}","templated":true}]}}