{"id":163482,"date":"2022-04-21T23:05:07","date_gmt":"2022-04-22T04:05:07","guid":{"rendered":"https:\/\/website.dev.stmtires.com\/shop\/sin categor\u00eda\/195-80r15-4x4wintercontacto\/"},"modified":"2022-04-21T23:05:07","modified_gmt":"2022-04-22T04:05:07","slug":"195-80r15-4x4contacto-de-invierno","status":"publish","type":"product","link":"https:\/\/stmtires.com\/es\/shop\/continental-es\/195-80r15-4x4contacto-de-invierno\/","title":{"rendered":"195\/80R15 4X4WINTERCONTACTO"},"content":{"rendered":"<p>Neum\u00e1tico de cami\u00f3n ligero \/ SUV de pasajeros de invierno para SUV r\u00e1pidos y pesados y veh\u00edculos todoterreno. Tecnolog\u00eda Run Flat disponible en tama\u00f1os seleccionados.<\/p>\n","protected":false},"excerpt":{"rendered":"<p>Neum\u00e1tico de cami\u00f3n ligero \/ SUV de pasajeros de invierno para SUV r\u00e1pidos y pesados y veh\u00edculos todoterreno. Tecnolog\u00eda Run Flat disponible en tama\u00f1os seleccionados.<\/p>\n","protected":false},"featured_media":224717,"comment_status":"open","ping_status":"closed","template":"","meta":{"_acf_changed":false,"subheading":[]},"product_model":[22229],"product_brand":[15742],"product_cat":[19241,19271,19265,25986,25185,19290,19259],"product_tag":[],"class_list":{"0":"post-163482","1":"product","2":"type-product","3":"status-publish","4":"has-post-thumbnail","6":"product_model-4x4wintercontact-es","7":"product_brand-continental-es","8":"product_cat-camion-ligero-de-pasajeros-suv","9":"product_cat-corre-plano","10":"product_cat-invierno","11":"product_cat-luz-de-pasajero","12":"product_cat-passenger-light","13":"product_cat-studdable-es","14":"product_cat-todo-terreno-a-t","15":"pa_tire-size-195-80r15-es","17":"first","18":"instock","19":"shipping-taxable","20":"purchasable","21":"product-type-simple"},"acf":[],"_links":{"self":[{"href":"https:\/\/stmtires.com\/es\/wp-json\/wp\/v2\/product\/163482","targetHints":{"allow":["GET"]}}],"collection":[{"href":"https:\/\/stmtires.com\/es\/wp-json\/wp\/v2\/product"}],"about":[{"href":"https:\/\/stmtires.com\/es\/wp-json\/wp\/v2\/types\/product"}],"replies":[{"embeddable":true,"href":"https:\/\/stmtires.com\/es\/wp-json\/wp\/v2\/comments?post=163482"}],"wp:featuredmedia":[{"embeddable":true,"href":"https:\/\/stmtires.com\/es\/wp-json\/wp\/v2\/media\/224717"}],"wp:attachment":[{"href":"https:\/\/stmtires.com\/es\/wp-json\/wp\/v2\/media?parent=163482"}],"wp:term":[{"taxonomy":"product_model","embeddable":true,"href":"https:\/\/stmtires.com\/es\/wp-json\/wp\/v2\/product_model?post=163482"},{"taxonomy":"product_brand","embeddable":true,"href":"https:\/\/stmtires.com\/es\/wp-json\/wp\/v2\/product_brand?post=163482"},{"taxonomy":"product_cat","embeddable":true,"href":"https:\/\/stmtires.com\/es\/wp-json\/wp\/v2\/product_cat?post=163482"},{"taxonomy":"product_tag","embeddable":true,"href":"https:\/\/stmtires.com\/es\/wp-json\/wp\/v2\/product_tag?post=163482"}],"curies":[{"name":"wp","href":"https:\/\/api.w.org\/{rel}","templated":true}]}}