{"id":163510,"date":"2022-05-12T18:29:10","date_gmt":"2022-05-12T23:29:10","guid":{"rendered":"https:\/\/website.dev.stmtires.com\/shop\/sin categor\u00eda\/175-25-36pr-tt-y573\/"},"modified":"2022-05-12T18:29:10","modified_gmt":"2022-05-12T23:29:10","slug":"17-5-25-36pr-tt-y573-2","status":"publish","type":"product","link":"https:\/\/stmtires.com\/es\/shop\/yokohama\/17-5-25-36pr-tt-y573-2\/","title":{"rendered":"17,5-25 36PR TT Y573"},"content":{"rendered":"<p>Neum\u00e1tico Industrial Bias Ply IND-3 dise\u00f1ado espec\u00edficamente para tractores de remolque.<\/p>\n","protected":false},"excerpt":{"rendered":"<p>Neum\u00e1tico Industrial Bias Ply IND-3 dise\u00f1ado espec\u00edficamente para tractores de remolque.<\/p>\n","protected":false},"featured_media":222508,"comment_status":"open","ping_status":"closed","template":"","meta":{"_acf_changed":false,"subheading":[]},"product_model":[23088],"product_brand":[54],"product_cat":[19295,19355,26129,19253],"product_tag":[],"class_list":{"0":"post-163510","1":"product","2":"type-product","3":"status-publish","4":"has-post-thumbnail","6":"product_model-y573-es","7":"product_brand-yokohama","8":"product_cat-industrial-es","9":"product_cat-predisposicion","10":"product_cat-tractor-es","11":"product_cat-uncategorized","12":"pa_tire-size-175r25","14":"first","15":"instock","16":"shipping-taxable","17":"purchasable","18":"product-type-simple"},"acf":[],"_links":{"self":[{"href":"https:\/\/stmtires.com\/es\/wp-json\/wp\/v2\/product\/163510","targetHints":{"allow":["GET"]}}],"collection":[{"href":"https:\/\/stmtires.com\/es\/wp-json\/wp\/v2\/product"}],"about":[{"href":"https:\/\/stmtires.com\/es\/wp-json\/wp\/v2\/types\/product"}],"replies":[{"embeddable":true,"href":"https:\/\/stmtires.com\/es\/wp-json\/wp\/v2\/comments?post=163510"}],"wp:featuredmedia":[{"embeddable":true,"href":"https:\/\/stmtires.com\/es\/wp-json\/wp\/v2\/media\/222508"}],"wp:attachment":[{"href":"https:\/\/stmtires.com\/es\/wp-json\/wp\/v2\/media?parent=163510"}],"wp:term":[{"taxonomy":"product_model","embeddable":true,"href":"https:\/\/stmtires.com\/es\/wp-json\/wp\/v2\/product_model?post=163510"},{"taxonomy":"product_brand","embeddable":true,"href":"https:\/\/stmtires.com\/es\/wp-json\/wp\/v2\/product_brand?post=163510"},{"taxonomy":"product_cat","embeddable":true,"href":"https:\/\/stmtires.com\/es\/wp-json\/wp\/v2\/product_cat?post=163510"},{"taxonomy":"product_tag","embeddable":true,"href":"https:\/\/stmtires.com\/es\/wp-json\/wp\/v2\/product_tag?post=163510"}],"curies":[{"name":"wp","href":"https:\/\/api.w.org\/{rel}","templated":true}]}}