{"id":163612,"date":"2022-05-01T22:57:25","date_gmt":"2022-05-02T03:57:25","guid":{"rendered":"https:\/\/website.dev.stmtires.com\/shop\/sin categor\u00eda\/275-35zr20-xl-fr-contisportcontacto-2-mo\/"},"modified":"2022-05-01T22:57:25","modified_gmt":"2022-05-02T03:57:25","slug":"275-35zr20-xl-fr-contisportcontact-2-mes","status":"publish","type":"product","link":"https:\/\/stmtires.com\/es\/shop\/continental-es\/275-35zr20-xl-fr-contisportcontact-2-mes\/","title":{"rendered":"275\/35ZR20 XL FR CONTISPORTCONTACTO 2 MO"},"content":{"rendered":"<p>Neum\u00e1tico de verano para autom\u00f3viles de pasajeros de m\u00e1ximo rendimiento dise\u00f1ado para satisfacer las necesidades de los conductores de autom\u00f3viles deportivos potentes, cup\u00e9s deportivos y sedanes de alto rendimiento de lujo. Tecnolog\u00eda RunFlat (SSR) autoportante disponible en tama\u00f1os seleccionados.<\/p>\n","protected":false},"excerpt":{"rendered":"<p>Neum\u00e1tico de verano para autom\u00f3viles de pasajeros de m\u00e1ximo rendimiento dise\u00f1ado para satisfacer las necesidades de los conductores de autom\u00f3viles deportivos potentes, cup\u00e9s deportivos y sedanes de alto rendimiento de lujo. Tecnolog\u00eda RunFlat (SSR) autoportante disponible en tama\u00f1os seleccionados.<\/p>\n","protected":false},"featured_media":224755,"comment_status":"open","ping_status":"closed","template":"","meta":{"_acf_changed":false,"subheading":[]},"product_model":[22230],"product_brand":[15742],"product_cat":[19288,16264],"product_tag":[],"class_list":{"0":"post-163612","1":"product","2":"type-product","3":"status-publish","4":"has-post-thumbnail","6":"product_model-contisportcontact-2-es","7":"product_brand-continental-es","8":"product_cat-conducir","9":"product_cat-drive","10":"pa_tire-size-275-35r20-es","12":"first","13":"instock","14":"shipping-taxable","15":"purchasable","16":"product-type-simple"},"acf":[],"_links":{"self":[{"href":"https:\/\/stmtires.com\/es\/wp-json\/wp\/v2\/product\/163612","targetHints":{"allow":["GET"]}}],"collection":[{"href":"https:\/\/stmtires.com\/es\/wp-json\/wp\/v2\/product"}],"about":[{"href":"https:\/\/stmtires.com\/es\/wp-json\/wp\/v2\/types\/product"}],"replies":[{"embeddable":true,"href":"https:\/\/stmtires.com\/es\/wp-json\/wp\/v2\/comments?post=163612"}],"wp:featuredmedia":[{"embeddable":true,"href":"https:\/\/stmtires.com\/es\/wp-json\/wp\/v2\/media\/224755"}],"wp:attachment":[{"href":"https:\/\/stmtires.com\/es\/wp-json\/wp\/v2\/media?parent=163612"}],"wp:term":[{"taxonomy":"product_model","embeddable":true,"href":"https:\/\/stmtires.com\/es\/wp-json\/wp\/v2\/product_model?post=163612"},{"taxonomy":"product_brand","embeddable":true,"href":"https:\/\/stmtires.com\/es\/wp-json\/wp\/v2\/product_brand?post=163612"},{"taxonomy":"product_cat","embeddable":true,"href":"https:\/\/stmtires.com\/es\/wp-json\/wp\/v2\/product_cat?post=163612"},{"taxonomy":"product_tag","embeddable":true,"href":"https:\/\/stmtires.com\/es\/wp-json\/wp\/v2\/product_tag?post=163612"}],"curies":[{"name":"wp","href":"https:\/\/api.w.org\/{rel}","templated":true}]}}