{"id":163905,"date":"2022-05-01T20:34:39","date_gmt":"2022-05-02T01:34:39","guid":{"rendered":"https:\/\/website.dev.stmtires.com\/shop\/sin categor\u00eda\/245-40zr18-xl-contisportcontacto-5p\/"},"modified":"2022-05-01T20:34:39","modified_gmt":"2022-05-02T01:34:39","slug":"245-40zr18-xl-contisportcontact-5p-2","status":"publish","type":"product","link":"https:\/\/stmtires.com\/es\/shop\/continental-es\/245-40zr18-xl-contisportcontact-5p-2\/","title":{"rendered":"245\/40ZR18 XL CONTISPORTCONTACTO 5P"},"content":{"rendered":"<p>Neum\u00e1tico de verano para turismos de ultra alto rendimiento. Tecnolog\u00eda Run Flat disponible en tama\u00f1os seleccionados.<\/p>\n","protected":false},"excerpt":{"rendered":"<p>Neum\u00e1tico de verano para turismos de ultra alto rendimiento. Tecnolog\u00eda Run Flat disponible en tama\u00f1os seleccionados.<\/p>\n","protected":false},"featured_media":224530,"comment_status":"open","ping_status":"closed","template":"","meta":{"_acf_changed":false,"subheading":[]},"product_model":[22238],"product_brand":[15742],"product_cat":[19264,19271,16436,16295],"product_tag":[],"class_list":{"0":"post-163905","1":"product","2":"type-product","3":"status-publish","4":"has-post-thumbnail","6":"product_model-contisportcontact-5p-es","7":"product_brand-continental-es","8":"product_cat-alto-rendimiento-hp","9":"product_cat-corre-plano","10":"product_cat-rendimiento-ultra-alto-uhp","11":"product_cat-run-flat","12":"pa_tire-size-245-40r18-es","14":"first","15":"instock","16":"shipping-taxable","17":"purchasable","18":"product-type-simple"},"acf":[],"_links":{"self":[{"href":"https:\/\/stmtires.com\/es\/wp-json\/wp\/v2\/product\/163905","targetHints":{"allow":["GET"]}}],"collection":[{"href":"https:\/\/stmtires.com\/es\/wp-json\/wp\/v2\/product"}],"about":[{"href":"https:\/\/stmtires.com\/es\/wp-json\/wp\/v2\/types\/product"}],"replies":[{"embeddable":true,"href":"https:\/\/stmtires.com\/es\/wp-json\/wp\/v2\/comments?post=163905"}],"wp:featuredmedia":[{"embeddable":true,"href":"https:\/\/stmtires.com\/es\/wp-json\/wp\/v2\/media\/224530"}],"wp:attachment":[{"href":"https:\/\/stmtires.com\/es\/wp-json\/wp\/v2\/media?parent=163905"}],"wp:term":[{"taxonomy":"product_model","embeddable":true,"href":"https:\/\/stmtires.com\/es\/wp-json\/wp\/v2\/product_model?post=163905"},{"taxonomy":"product_brand","embeddable":true,"href":"https:\/\/stmtires.com\/es\/wp-json\/wp\/v2\/product_brand?post=163905"},{"taxonomy":"product_cat","embeddable":true,"href":"https:\/\/stmtires.com\/es\/wp-json\/wp\/v2\/product_cat?post=163905"},{"taxonomy":"product_tag","embeddable":true,"href":"https:\/\/stmtires.com\/es\/wp-json\/wp\/v2\/product_tag?post=163905"}],"curies":[{"name":"wp","href":"https:\/\/api.w.org\/{rel}","templated":true}]}}