{"id":164129,"date":"2022-05-01T16:19:38","date_gmt":"2022-05-01T21:19:38","guid":{"rendered":"https:\/\/website.dev.stmtires.com\/shop\/sin categor\u00eda\/255-45r20-xl-proxes-4-plus\/"},"modified":"2022-05-01T16:19:38","modified_gmt":"2022-05-01T21:19:38","slug":"255-45r20-xl-proxes-4-plus-2","status":"publish","type":"product","link":"https:\/\/stmtires.com\/es\/shop\/toyo-es\/255-45r20-xl-proxes-4-plus-2\/","title":{"rendered":"255\/45R20 XL PROXES 4 PLUS"},"content":{"rendered":"<p>Neum\u00e1tico de autom\u00f3vil de pasajeros para todas las estaciones de ultra alto rendimiento desarrollado para conductores de autom\u00f3viles deportivos, cup\u00e9s deportivos, sedanes de alto rendimiento y camiones deportivos. Proxes 4 Plus A &amp; Proxes 4 Plus B Equipo original de veh\u00edculos seleccionados.<\/p>\n","protected":false},"excerpt":{"rendered":"<p>Neum\u00e1tico de autom\u00f3vil de pasajeros para todas las estaciones de ultra alto rendimiento desarrollado para conductores de autom\u00f3viles deportivos, cup\u00e9s deportivos, sedanes de alto rendimiento y camiones deportivos. Proxes 4 Plus A &amp; Proxes 4 Plus B Equipo original de veh\u00edculos seleccionados.<\/p>\n","protected":false},"featured_media":226629,"comment_status":"open","ping_status":"closed","template":"","meta":{"_acf_changed":false,"subheading":[]},"product_model":[22250],"product_brand":[15760],"product_cat":[19264,19288,19242,16436],"product_tag":[],"class_list":{"0":"post-164129","1":"product","2":"type-product","3":"status-publish","4":"has-post-thumbnail","6":"product_model-proxes-4-plus-es","7":"product_brand-toyo-es","8":"product_cat-alto-rendimiento-hp","9":"product_cat-conducir","10":"product_cat-equipo-original-oe","11":"product_cat-rendimiento-ultra-alto-uhp","12":"pa_tire-size-255-45r20-es","14":"first","15":"instock","16":"shipping-taxable","17":"purchasable","18":"product-type-simple"},"acf":[],"_links":{"self":[{"href":"https:\/\/stmtires.com\/es\/wp-json\/wp\/v2\/product\/164129","targetHints":{"allow":["GET"]}}],"collection":[{"href":"https:\/\/stmtires.com\/es\/wp-json\/wp\/v2\/product"}],"about":[{"href":"https:\/\/stmtires.com\/es\/wp-json\/wp\/v2\/types\/product"}],"replies":[{"embeddable":true,"href":"https:\/\/stmtires.com\/es\/wp-json\/wp\/v2\/comments?post=164129"}],"wp:featuredmedia":[{"embeddable":true,"href":"https:\/\/stmtires.com\/es\/wp-json\/wp\/v2\/media\/226629"}],"wp:attachment":[{"href":"https:\/\/stmtires.com\/es\/wp-json\/wp\/v2\/media?parent=164129"}],"wp:term":[{"taxonomy":"product_model","embeddable":true,"href":"https:\/\/stmtires.com\/es\/wp-json\/wp\/v2\/product_model?post=164129"},{"taxonomy":"product_brand","embeddable":true,"href":"https:\/\/stmtires.com\/es\/wp-json\/wp\/v2\/product_brand?post=164129"},{"taxonomy":"product_cat","embeddable":true,"href":"https:\/\/stmtires.com\/es\/wp-json\/wp\/v2\/product_cat?post=164129"},{"taxonomy":"product_tag","embeddable":true,"href":"https:\/\/stmtires.com\/es\/wp-json\/wp\/v2\/product_tag?post=164129"}],"curies":[{"name":"wp","href":"https:\/\/api.w.org\/{rel}","templated":true}]}}