{"id":164187,"date":"2022-05-12T11:29:55","date_gmt":"2022-05-12T16:29:55","guid":{"rendered":"https:\/\/website.dev.stmtires.com\/shop\/sin categor\u00eda\/10-00-16-d-tt-champion-guia-grip-4-rib-f-2\/"},"modified":"2022-05-12T11:29:55","modified_gmt":"2022-05-12T16:29:55","slug":"10-00-16-d-tt-campeon-guia-agarre-4-costilla-f-2","status":"publish","type":"product","link":"https:\/\/stmtires.com\/es\/shop\/firestone-es\/10-00-16-d-tt-campeon-guia-agarre-4-costilla-f-2\/","title":{"rendered":"10.00-16 D TT CHAMPION GU\u00cdA GRIP 4-RIB F-2"},"content":{"rendered":"<p>Neum\u00e1tico de tractor delantero de sesgo agr\u00edcola F-2 adecuado para el trabajo agr\u00edcola general. Amplia selecci\u00f3n en tama\u00f1os de alta flotaci\u00f3n\/bajo perfil y convencionales.<\/p>\n","protected":false},"excerpt":{"rendered":"<p>Neum\u00e1tico de tractor delantero de sesgo agr\u00edcola F-2 adecuado para el trabajo agr\u00edcola general. Amplia selecci\u00f3n en tama\u00f1os de alta flotaci\u00f3n\/bajo perfil y convencionales.<\/p>\n","protected":false},"featured_media":0,"comment_status":"open","ping_status":"closed","template":"","meta":{"_acf_changed":false,"subheading":[]},"product_model":[16900],"product_brand":[15736],"product_cat":[16260,26135,19253],"product_tag":[],"class_list":{"0":"post-164187","1":"product","2":"type-product","3":"status-publish","5":"product_model-champion-guide-grip-4-rib-f-2","6":"product_brand-firestone-es","7":"product_cat-bias","8":"product_cat-granja","9":"product_cat-uncategorized","10":"pa_tire-size-10r16-es","12":"first","13":"instock","14":"shipping-taxable","15":"purchasable","16":"product-type-simple"},"acf":[],"_links":{"self":[{"href":"https:\/\/stmtires.com\/es\/wp-json\/wp\/v2\/product\/164187","targetHints":{"allow":["GET"]}}],"collection":[{"href":"https:\/\/stmtires.com\/es\/wp-json\/wp\/v2\/product"}],"about":[{"href":"https:\/\/stmtires.com\/es\/wp-json\/wp\/v2\/types\/product"}],"replies":[{"embeddable":true,"href":"https:\/\/stmtires.com\/es\/wp-json\/wp\/v2\/comments?post=164187"}],"wp:attachment":[{"href":"https:\/\/stmtires.com\/es\/wp-json\/wp\/v2\/media?parent=164187"}],"wp:term":[{"taxonomy":"product_model","embeddable":true,"href":"https:\/\/stmtires.com\/es\/wp-json\/wp\/v2\/product_model?post=164187"},{"taxonomy":"product_brand","embeddable":true,"href":"https:\/\/stmtires.com\/es\/wp-json\/wp\/v2\/product_brand?post=164187"},{"taxonomy":"product_cat","embeddable":true,"href":"https:\/\/stmtires.com\/es\/wp-json\/wp\/v2\/product_cat?post=164187"},{"taxonomy":"product_tag","embeddable":true,"href":"https:\/\/stmtires.com\/es\/wp-json\/wp\/v2\/product_tag?post=164187"}],"curies":[{"name":"wp","href":"https:\/\/api.w.org\/{rel}","templated":true}]}}