{"id":164458,"date":"2022-05-12T15:36:38","date_gmt":"2022-05-12T20:36:38","guid":{"rendered":"https:\/\/website.dev.stmtires.com\/shop\/sin categor\u00eda\/10-00r15-r187\/"},"modified":"2022-05-12T15:36:38","modified_gmt":"2022-05-12T20:36:38","slug":"10-00r15-r187-2","status":"publish","type":"product","link":"https:\/\/stmtires.com\/es\/shop\/bridgestone-es\/10-00r15-r187-2\/","title":{"rendered":"10.00R15 R187"},"content":{"rendered":"<p>Neum\u00e1tico de dise\u00f1o de costilla de cami\u00f3n ligero \/ mediano para todas las estaciones.<\/p>\n","protected":false},"excerpt":{"rendered":"<p>Neum\u00e1tico de dise\u00f1o de costilla de cami\u00f3n ligero \/ mediano para todas las estaciones.<\/p>\n","protected":false},"featured_media":222504,"comment_status":"open","ping_status":"closed","template":"","meta":{"_acf_changed":false,"subheading":[]},"product_model":[22914],"product_brand":[],"product_cat":[19324,16312,19316,19253],"product_tag":[],"class_list":{"0":"post-164458","1":"product","2":"type-product","3":"status-publish","4":"has-post-thumbnail","6":"product_model-r187-es","7":"product_cat-costilla","8":"product_cat-rib","9":"product_cat-todas-las-posiciones","10":"product_cat-uncategorized","11":"pa_tire-size-10r15-es","13":"first","14":"instock","15":"shipping-taxable","16":"purchasable","17":"product-type-simple"},"acf":[],"_links":{"self":[{"href":"https:\/\/stmtires.com\/es\/wp-json\/wp\/v2\/product\/164458","targetHints":{"allow":["GET"]}}],"collection":[{"href":"https:\/\/stmtires.com\/es\/wp-json\/wp\/v2\/product"}],"about":[{"href":"https:\/\/stmtires.com\/es\/wp-json\/wp\/v2\/types\/product"}],"replies":[{"embeddable":true,"href":"https:\/\/stmtires.com\/es\/wp-json\/wp\/v2\/comments?post=164458"}],"wp:featuredmedia":[{"embeddable":true,"href":"https:\/\/stmtires.com\/es\/wp-json\/wp\/v2\/media\/222504"}],"wp:attachment":[{"href":"https:\/\/stmtires.com\/es\/wp-json\/wp\/v2\/media?parent=164458"}],"wp:term":[{"taxonomy":"product_model","embeddable":true,"href":"https:\/\/stmtires.com\/es\/wp-json\/wp\/v2\/product_model?post=164458"},{"taxonomy":"product_brand","embeddable":true,"href":"https:\/\/stmtires.com\/es\/wp-json\/wp\/v2\/product_brand?post=164458"},{"taxonomy":"product_cat","embeddable":true,"href":"https:\/\/stmtires.com\/es\/wp-json\/wp\/v2\/product_cat?post=164458"},{"taxonomy":"product_tag","embeddable":true,"href":"https:\/\/stmtires.com\/es\/wp-json\/wp\/v2\/product_tag?post=164458"}],"curies":[{"name":"wp","href":"https:\/\/api.w.org\/{rel}","templated":true}]}}