{"id":164493,"date":"2022-05-12T16:03:56","date_gmt":"2022-05-12T21:03:56","guid":{"rendered":"https:\/\/website.dev.stmtires.com\/shop\/sin categor\u00eda\/10-00r15tr-j-tt-doble-moneda-rt500\/"},"modified":"2022-05-12T16:03:56","modified_gmt":"2022-05-12T21:03:56","slug":"10-00r15tr-j-tt-double-coin-rt500-2","status":"publish","type":"product","link":"https:\/\/stmtires.com\/es\/shop\/double-coin\/10-00r15tr-j-tt-double-coin-rt500-2\/","title":{"rendered":"10.00R15TR J TT DOBLE MONEDA RT500"},"content":{"rendered":"<p>Cami\u00f3n\/Autob\u00fas Comercial. Cami\u00f3n de servicio mediano Neum\u00e1tico multiuso de perfil bajo de toda posici\u00f3n para diversas aplicaciones.<\/p>\n","protected":false},"excerpt":{"rendered":"<p>Cami\u00f3n\/Autob\u00fas Comercial. Cami\u00f3n de servicio mediano Neum\u00e1tico multiuso de perfil bajo de toda posici\u00f3n para diversas aplicaciones.<\/p>\n","protected":false},"featured_media":0,"comment_status":"open","ping_status":"closed","template":"","meta":{"_acf_changed":false,"subheading":[]},"product_model":[22862],"product_brand":[103],"product_cat":[16263,19286,26140,19316,19253],"product_tag":[],"class_list":{"0":"post-164493","1":"product","2":"type-product","3":"status-publish","5":"product_model-double-coin-rt500-es-2","6":"product_brand-double-coin","7":"product_cat-all-position","8":"product_cat-camion-autobus-comercial","9":"product_cat-perfil-bajo","10":"product_cat-todas-las-posiciones","11":"product_cat-uncategorized","12":"pa_tire-size-10r15-es","14":"first","15":"instock","16":"shipping-taxable","17":"purchasable","18":"product-type-simple"},"acf":[],"_links":{"self":[{"href":"https:\/\/stmtires.com\/es\/wp-json\/wp\/v2\/product\/164493","targetHints":{"allow":["GET"]}}],"collection":[{"href":"https:\/\/stmtires.com\/es\/wp-json\/wp\/v2\/product"}],"about":[{"href":"https:\/\/stmtires.com\/es\/wp-json\/wp\/v2\/types\/product"}],"replies":[{"embeddable":true,"href":"https:\/\/stmtires.com\/es\/wp-json\/wp\/v2\/comments?post=164493"}],"wp:attachment":[{"href":"https:\/\/stmtires.com\/es\/wp-json\/wp\/v2\/media?parent=164493"}],"wp:term":[{"taxonomy":"product_model","embeddable":true,"href":"https:\/\/stmtires.com\/es\/wp-json\/wp\/v2\/product_model?post=164493"},{"taxonomy":"product_brand","embeddable":true,"href":"https:\/\/stmtires.com\/es\/wp-json\/wp\/v2\/product_brand?post=164493"},{"taxonomy":"product_cat","embeddable":true,"href":"https:\/\/stmtires.com\/es\/wp-json\/wp\/v2\/product_cat?post=164493"},{"taxonomy":"product_tag","embeddable":true,"href":"https:\/\/stmtires.com\/es\/wp-json\/wp\/v2\/product_tag?post=164493"}],"curies":[{"name":"wp","href":"https:\/\/api.w.org\/{rel}","templated":true}]}}