{"id":164689,"date":"2022-05-12T15:24:45","date_gmt":"2022-05-12T20:24:45","guid":{"rendered":"https:\/\/website.dev.stmtires.com\/shop\/sin categor\u00eda\/10-00r20-doble-moneda-rr150\/"},"modified":"2022-05-12T15:24:45","modified_gmt":"2022-05-12T20:24:45","slug":"10-00r20-doble-moneda-rr150","status":"publish","type":"product","link":"https:\/\/stmtires.com\/es\/shop\/double-coin\/10-00r20-doble-moneda-rr150\/","title":{"rendered":"10.00R20 DOBLE MONEDA RR150"},"content":{"rendered":"<p>Cami\u00f3n\/Autob\u00fas Comercial. Neum\u00e1tico multiuso radial de direcci\u00f3n de cami\u00f3n de servicio mediano \/ multiuso de posici\u00f3n completa.<\/p>\n","protected":false},"excerpt":{"rendered":"<p>Cami\u00f3n\/Autob\u00fas Comercial. Neum\u00e1tico multiuso radial de direcci\u00f3n de cami\u00f3n de servicio mediano \/ multiuso de posici\u00f3n completa.<\/p>\n","protected":false},"featured_media":221898,"comment_status":"open","ping_status":"closed","template":"","meta":{"_acf_changed":false,"subheading":[]},"product_model":[22858],"product_brand":[103],"product_cat":[19286,19321,19289,19316,19253],"product_tag":[],"class_list":{"0":"post-164689","1":"product","2":"type-product","3":"status-publish","4":"has-post-thumbnail","6":"product_model-double-coin-rr150-es-2","7":"product_brand-double-coin","8":"product_cat-camion-autobus-comercial","9":"product_cat-conducir-es","10":"product_cat-radial-es","11":"product_cat-todas-las-posiciones","12":"product_cat-uncategorized","13":"pa_tire-size-10r20-es","15":"first","16":"instock","17":"shipping-taxable","18":"purchasable","19":"product-type-simple"},"acf":[],"_links":{"self":[{"href":"https:\/\/stmtires.com\/es\/wp-json\/wp\/v2\/product\/164689","targetHints":{"allow":["GET"]}}],"collection":[{"href":"https:\/\/stmtires.com\/es\/wp-json\/wp\/v2\/product"}],"about":[{"href":"https:\/\/stmtires.com\/es\/wp-json\/wp\/v2\/types\/product"}],"replies":[{"embeddable":true,"href":"https:\/\/stmtires.com\/es\/wp-json\/wp\/v2\/comments?post=164689"}],"wp:featuredmedia":[{"embeddable":true,"href":"https:\/\/stmtires.com\/es\/wp-json\/wp\/v2\/media\/221898"}],"wp:attachment":[{"href":"https:\/\/stmtires.com\/es\/wp-json\/wp\/v2\/media?parent=164689"}],"wp:term":[{"taxonomy":"product_model","embeddable":true,"href":"https:\/\/stmtires.com\/es\/wp-json\/wp\/v2\/product_model?post=164689"},{"taxonomy":"product_brand","embeddable":true,"href":"https:\/\/stmtires.com\/es\/wp-json\/wp\/v2\/product_brand?post=164689"},{"taxonomy":"product_cat","embeddable":true,"href":"https:\/\/stmtires.com\/es\/wp-json\/wp\/v2\/product_cat?post=164689"},{"taxonomy":"product_tag","embeddable":true,"href":"https:\/\/stmtires.com\/es\/wp-json\/wp\/v2\/product_tag?post=164689"}],"curies":[{"name":"wp","href":"https:\/\/api.w.org\/{rel}","templated":true}]}}