{"id":164799,"date":"2022-05-12T14:43:13","date_gmt":"2022-05-12T19:43:13","guid":{"rendered":"https:\/\/website.dev.stmtires.com\/shop\/sin categor\u00eda\/10-00r20-h-doble-moneda-rlb11\/"},"modified":"2022-05-12T14:43:13","modified_gmt":"2022-05-12T19:43:13","slug":"10-00r20-h-doble-moneda-rlb11","status":"publish","type":"product","link":"https:\/\/stmtires.com\/es\/shop\/double-coin\/10-00r20-h-doble-moneda-rlb11\/","title":{"rendered":"10.00R20 H DOBLE MONEDA RLB11"},"content":{"rendered":"<p>Cami\u00f3n\/Autob\u00fas Comercial. Neum\u00e1tico de servicio mediano Cami\u00f3n Open Shoulder Drive.<\/p>\n","protected":false},"excerpt":{"rendered":"<p>Cami\u00f3n\/Autob\u00fas Comercial. Neum\u00e1tico de servicio mediano Cami\u00f3n Open Shoulder Drive.<\/p>\n","protected":false},"featured_media":0,"comment_status":"open","ping_status":"closed","template":"","meta":{"_acf_changed":false,"subheading":[]},"product_model":[22955],"product_brand":[103],"product_cat":[19286,19288,19321,19310,19289,19316,19253],"product_tag":[],"class_list":{"0":"post-164799","1":"product","2":"type-product","3":"status-publish","5":"product_model-double-coin-rlb11-es","6":"product_brand-double-coin","7":"product_cat-camion-autobus-comercial","8":"product_cat-conducir","9":"product_cat-conducir-es","10":"product_cat-hombro-abierto","11":"product_cat-radial-es","12":"product_cat-todas-las-posiciones","13":"product_cat-uncategorized","14":"pa_tire-size-10r20-es","16":"first","17":"instock","18":"shipping-taxable","19":"purchasable","20":"product-type-simple"},"acf":[],"_links":{"self":[{"href":"https:\/\/stmtires.com\/es\/wp-json\/wp\/v2\/product\/164799","targetHints":{"allow":["GET"]}}],"collection":[{"href":"https:\/\/stmtires.com\/es\/wp-json\/wp\/v2\/product"}],"about":[{"href":"https:\/\/stmtires.com\/es\/wp-json\/wp\/v2\/types\/product"}],"replies":[{"embeddable":true,"href":"https:\/\/stmtires.com\/es\/wp-json\/wp\/v2\/comments?post=164799"}],"wp:attachment":[{"href":"https:\/\/stmtires.com\/es\/wp-json\/wp\/v2\/media?parent=164799"}],"wp:term":[{"taxonomy":"product_model","embeddable":true,"href":"https:\/\/stmtires.com\/es\/wp-json\/wp\/v2\/product_model?post=164799"},{"taxonomy":"product_brand","embeddable":true,"href":"https:\/\/stmtires.com\/es\/wp-json\/wp\/v2\/product_brand?post=164799"},{"taxonomy":"product_cat","embeddable":true,"href":"https:\/\/stmtires.com\/es\/wp-json\/wp\/v2\/product_cat?post=164799"},{"taxonomy":"product_tag","embeddable":true,"href":"https:\/\/stmtires.com\/es\/wp-json\/wp\/v2\/product_tag?post=164799"}],"curies":[{"name":"wp","href":"https:\/\/api.w.org\/{rel}","templated":true}]}}