{"id":164848,"date":"2022-05-12T15:34:10","date_gmt":"2022-05-12T20:34:10","guid":{"rendered":"https:\/\/website.dev.stmtires.com\/shop\/sin categor\u00eda\/10-00r20-costilla-radial-toda-la-posicion\/"},"modified":"2022-05-12T15:34:10","modified_gmt":"2022-05-12T20:34:10","slug":"10-00r20-costilla-radial-toda-posicion","status":"publish","type":"product","link":"https:\/\/stmtires.com\/es\/shop\/dayton\/10-00r20-costilla-radial-toda-posicion\/","title":{"rendered":"10.00R20 COSTILLA RADIAL TODA LA POSICI\u00d3N"},"content":{"rendered":"<p>Cami\u00f3n\/Autob\u00fas Comercial. Radial de posici\u00f3n completa de cami\u00f3n de servicio mediano dise\u00f1ado para aplicaciones de direcci\u00f3n en servicio de larga y regional distancia.<\/p>\n","protected":false},"excerpt":{"rendered":"<p>Cami\u00f3n\/Autob\u00fas Comercial. Radial de posici\u00f3n completa de cami\u00f3n de servicio mediano dise\u00f1ado para aplicaciones de direcci\u00f3n en servicio de larga y regional distancia.<\/p>\n","protected":false},"featured_media":221808,"comment_status":"open","ping_status":"closed","template":"","meta":{"_acf_changed":false,"subheading":[]},"product_model":[22916],"product_brand":[77],"product_cat":[19286,19321,19289,19332,19316,19253],"product_tag":[],"class_list":{"0":"post-164848","1":"product","2":"type-product","3":"status-publish","4":"has-post-thumbnail","6":"product_model-rib-radial-all-position-es","7":"product_brand-dayton","8":"product_cat-camion-autobus-comercial","9":"product_cat-conducir-es","10":"product_cat-radial-es","11":"product_cat-servicio-regional","12":"product_cat-todas-las-posiciones","13":"product_cat-uncategorized","14":"pa_tire-size-10r20-es","16":"first","17":"instock","18":"shipping-taxable","19":"purchasable","20":"product-type-simple"},"acf":[],"_links":{"self":[{"href":"https:\/\/stmtires.com\/es\/wp-json\/wp\/v2\/product\/164848","targetHints":{"allow":["GET"]}}],"collection":[{"href":"https:\/\/stmtires.com\/es\/wp-json\/wp\/v2\/product"}],"about":[{"href":"https:\/\/stmtires.com\/es\/wp-json\/wp\/v2\/types\/product"}],"replies":[{"embeddable":true,"href":"https:\/\/stmtires.com\/es\/wp-json\/wp\/v2\/comments?post=164848"}],"wp:featuredmedia":[{"embeddable":true,"href":"https:\/\/stmtires.com\/es\/wp-json\/wp\/v2\/media\/221808"}],"wp:attachment":[{"href":"https:\/\/stmtires.com\/es\/wp-json\/wp\/v2\/media?parent=164848"}],"wp:term":[{"taxonomy":"product_model","embeddable":true,"href":"https:\/\/stmtires.com\/es\/wp-json\/wp\/v2\/product_model?post=164848"},{"taxonomy":"product_brand","embeddable":true,"href":"https:\/\/stmtires.com\/es\/wp-json\/wp\/v2\/product_brand?post=164848"},{"taxonomy":"product_cat","embeddable":true,"href":"https:\/\/stmtires.com\/es\/wp-json\/wp\/v2\/product_cat?post=164848"},{"taxonomy":"product_tag","embeddable":true,"href":"https:\/\/stmtires.com\/es\/wp-json\/wp\/v2\/product_tag?post=164848"}],"curies":[{"name":"wp","href":"https:\/\/api.w.org\/{rel}","templated":true}]}}