{"id":165040,"date":"2022-05-12T11:23:11","date_gmt":"2022-05-12T16:23:11","guid":{"rendered":"https:\/\/website.dev.stmtires.com\/shop\/sin categor\u00eda\/10-5-80-18-e-tl-utilidad-de-traccion-total-i-3\/"},"modified":"2022-05-12T11:23:11","modified_gmt":"2022-05-12T16:23:11","slug":"10-5-80-18-e-tl-all-traction-utility-i-3-2","status":"publish","type":"product","link":"https:\/\/stmtires.com\/es\/shop\/firestone-es\/10-5-80-18-e-tl-all-traction-utility-i-3-2\/","title":{"rendered":"10.5\/80-18 E TL UTILIDAD DE TRACCI\u00d3N TOTAL I-3"},"content":{"rendered":"<p>Neum\u00e1tico agr\u00edcola I-3 Bias Implement para ruedas motrices. Dise\u00f1ado espec\u00edficamente para m\u00e1quinas de construcci\u00f3n ligera, como tractores, cargadores y retroexcavadoras.<\/p>\n","protected":false},"excerpt":{"rendered":"<p>Neum\u00e1tico agr\u00edcola I-3 Bias Implement para ruedas motrices. Dise\u00f1ado espec\u00edficamente para m\u00e1quinas de construcci\u00f3n ligera, como tractores, cargadores y retroexcavadoras.<\/p>\n","protected":false},"featured_media":0,"comment_status":"open","ping_status":"closed","template":"","meta":{"_acf_changed":false,"subheading":[]},"product_model":[22415],"product_brand":[15736],"product_cat":[26128,19288,16264,26130,19355,19273,26129,19253],"product_tag":[],"class_list":{"0":"post-165040","1":"product","2":"type-product","3":"status-publish","5":"product_model-all-traction-utility-i-3-es-2","6":"product_brand-firestone-es","7":"product_cat-agricola","8":"product_cat-conducir","9":"product_cat-drive","10":"product_cat-instrumento","11":"product_cat-predisposicion","12":"product_cat-touring-estandar","13":"product_cat-tractor-es","14":"product_cat-uncategorized","15":"pa_tire-size-105r18","17":"first","18":"instock","19":"shipping-taxable","20":"purchasable","21":"product-type-simple"},"acf":[],"_links":{"self":[{"href":"https:\/\/stmtires.com\/es\/wp-json\/wp\/v2\/product\/165040","targetHints":{"allow":["GET"]}}],"collection":[{"href":"https:\/\/stmtires.com\/es\/wp-json\/wp\/v2\/product"}],"about":[{"href":"https:\/\/stmtires.com\/es\/wp-json\/wp\/v2\/types\/product"}],"replies":[{"embeddable":true,"href":"https:\/\/stmtires.com\/es\/wp-json\/wp\/v2\/comments?post=165040"}],"wp:attachment":[{"href":"https:\/\/stmtires.com\/es\/wp-json\/wp\/v2\/media?parent=165040"}],"wp:term":[{"taxonomy":"product_model","embeddable":true,"href":"https:\/\/stmtires.com\/es\/wp-json\/wp\/v2\/product_model?post=165040"},{"taxonomy":"product_brand","embeddable":true,"href":"https:\/\/stmtires.com\/es\/wp-json\/wp\/v2\/product_brand?post=165040"},{"taxonomy":"product_cat","embeddable":true,"href":"https:\/\/stmtires.com\/es\/wp-json\/wp\/v2\/product_cat?post=165040"},{"taxonomy":"product_tag","embeddable":true,"href":"https:\/\/stmtires.com\/es\/wp-json\/wp\/v2\/product_tag?post=165040"}],"curies":[{"name":"wp","href":"https:\/\/api.w.org\/{rel}","templated":true}]}}