{"id":165221,"date":"2022-05-12T15:52:29","date_gmt":"2022-05-12T20:52:29","guid":{"rendered":"https:\/\/website.dev.stmtires.com\/shop\/sin categor\u00eda\/10r17-5-r180\/"},"modified":"2022-05-12T15:52:29","modified_gmt":"2022-05-12T20:52:29","slug":"10r17-5-r180-2","status":"publish","type":"product","link":"https:\/\/stmtires.com\/es\/shop\/bridgestone-es\/10r17-5-r180-2\/","title":{"rendered":"10R17.5 R180"},"content":{"rendered":"<p>Cami\u00f3n\/Autob\u00fas Comercial. Neum\u00e1tico radial de posici\u00f3n completa para cami\u00f3n de servicio mediano recomendado para uso general en el servicio de recogida y entrega.<\/p>\n","protected":false},"excerpt":{"rendered":"<p>Cami\u00f3n\/Autob\u00fas Comercial. Neum\u00e1tico radial de posici\u00f3n completa para cami\u00f3n de servicio mediano recomendado para uso general en el servicio de recogida y entrega.<\/p>\n","protected":false},"featured_media":223100,"comment_status":"open","ping_status":"closed","template":"","meta":{"_acf_changed":false,"subheading":[]},"product_model":[22949],"product_brand":[],"product_cat":[19286,19289,19323,19316,19253],"product_tag":[],"class_list":{"0":"post-165221","1":"product","2":"type-product","3":"status-publish","4":"has-post-thumbnail","6":"product_model-r180-es","7":"product_cat-camion-autobus-comercial","8":"product_cat-radial-es","9":"product_cat-smartway-en-ingles","10":"product_cat-todas-las-posiciones","11":"product_cat-uncategorized","12":"pa_tire-size-10r17-5-es","14":"first","15":"instock","16":"shipping-taxable","17":"purchasable","18":"product-type-simple"},"acf":[],"_links":{"self":[{"href":"https:\/\/stmtires.com\/es\/wp-json\/wp\/v2\/product\/165221","targetHints":{"allow":["GET"]}}],"collection":[{"href":"https:\/\/stmtires.com\/es\/wp-json\/wp\/v2\/product"}],"about":[{"href":"https:\/\/stmtires.com\/es\/wp-json\/wp\/v2\/types\/product"}],"replies":[{"embeddable":true,"href":"https:\/\/stmtires.com\/es\/wp-json\/wp\/v2\/comments?post=165221"}],"wp:featuredmedia":[{"embeddable":true,"href":"https:\/\/stmtires.com\/es\/wp-json\/wp\/v2\/media\/223100"}],"wp:attachment":[{"href":"https:\/\/stmtires.com\/es\/wp-json\/wp\/v2\/media?parent=165221"}],"wp:term":[{"taxonomy":"product_model","embeddable":true,"href":"https:\/\/stmtires.com\/es\/wp-json\/wp\/v2\/product_model?post=165221"},{"taxonomy":"product_brand","embeddable":true,"href":"https:\/\/stmtires.com\/es\/wp-json\/wp\/v2\/product_brand?post=165221"},{"taxonomy":"product_cat","embeddable":true,"href":"https:\/\/stmtires.com\/es\/wp-json\/wp\/v2\/product_cat?post=165221"},{"taxonomy":"product_tag","embeddable":true,"href":"https:\/\/stmtires.com\/es\/wp-json\/wp\/v2\/product_tag?post=165221"}],"curies":[{"name":"wp","href":"https:\/\/api.w.org\/{rel}","templated":true}]}}