{"id":165223,"date":"2022-05-12T10:39:10","date_gmt":"2022-05-12T15:39:10","guid":{"rendered":"https:\/\/website.dev.stmtires.com\/shop\/sin categor\u00eda\/10r17-5hc-g-xr4-radial\/"},"modified":"2022-05-12T10:39:10","modified_gmt":"2022-05-12T15:39:10","slug":"10r17-5hc-g-xr4-radial-2","status":"publish","type":"product","link":"https:\/\/stmtires.com\/es\/shop\/firestone-es\/10r17-5hc-g-xr4-radial-2\/","title":{"rendered":"10R17.5HC G XR4 RADIAL"},"content":{"rendered":"<p>Cami\u00f3n\/Autob\u00fas Comercial. Cami\u00f3n de servicio mediano neum\u00e1tico de costilla de uso m\u00faltiple y de posici\u00f3n para aplicaciones como local, transporte regional, larga distancia, extra larga distancia y servicio especial.<\/p>\n","protected":false},"excerpt":{"rendered":"<p>Cami\u00f3n\/Autob\u00fas Comercial. Cami\u00f3n de servicio mediano neum\u00e1tico de costilla de uso m\u00faltiple y de posici\u00f3n para aplicaciones como local, transporte regional, larga distancia, extra larga distancia y servicio especial.<\/p>\n","protected":false},"featured_media":224181,"comment_status":"open","ping_status":"closed","template":"","meta":{"_acf_changed":false,"subheading":[]},"product_model":[22457],"product_brand":[15736],"product_cat":[19286,19321,19324,19332,19316,19253],"product_tag":[],"class_list":{"0":"post-165223","1":"product","2":"type-product","3":"status-publish","4":"has-post-thumbnail","6":"product_model-xr4-radial-es-2","7":"product_brand-firestone-es","8":"product_cat-camion-autobus-comercial","9":"product_cat-conducir-es","10":"product_cat-costilla","11":"product_cat-servicio-regional","12":"product_cat-todas-las-posiciones","13":"product_cat-uncategorized","14":"pa_tire-size-10r17-5-es","16":"first","17":"instock","18":"shipping-taxable","19":"purchasable","20":"product-type-simple"},"acf":[],"_links":{"self":[{"href":"https:\/\/stmtires.com\/es\/wp-json\/wp\/v2\/product\/165223","targetHints":{"allow":["GET"]}}],"collection":[{"href":"https:\/\/stmtires.com\/es\/wp-json\/wp\/v2\/product"}],"about":[{"href":"https:\/\/stmtires.com\/es\/wp-json\/wp\/v2\/types\/product"}],"replies":[{"embeddable":true,"href":"https:\/\/stmtires.com\/es\/wp-json\/wp\/v2\/comments?post=165223"}],"wp:featuredmedia":[{"embeddable":true,"href":"https:\/\/stmtires.com\/es\/wp-json\/wp\/v2\/media\/224181"}],"wp:attachment":[{"href":"https:\/\/stmtires.com\/es\/wp-json\/wp\/v2\/media?parent=165223"}],"wp:term":[{"taxonomy":"product_model","embeddable":true,"href":"https:\/\/stmtires.com\/es\/wp-json\/wp\/v2\/product_model?post=165223"},{"taxonomy":"product_brand","embeddable":true,"href":"https:\/\/stmtires.com\/es\/wp-json\/wp\/v2\/product_brand?post=165223"},{"taxonomy":"product_cat","embeddable":true,"href":"https:\/\/stmtires.com\/es\/wp-json\/wp\/v2\/product_cat?post=165223"},{"taxonomy":"product_tag","embeddable":true,"href":"https:\/\/stmtires.com\/es\/wp-json\/wp\/v2\/product_tag?post=165223"}],"curies":[{"name":"wp","href":"https:\/\/api.w.org\/{rel}","templated":true}]}}