{"id":165721,"date":"2022-05-12T16:04:00","date_gmt":"2022-05-12T21:04:00","guid":{"rendered":"https:\/\/website.dev.stmtires.com\/shop\/sin categor\u00eda\/10r22-5-g-doble-moneda-rlb1\/"},"modified":"2022-05-12T16:04:00","modified_gmt":"2022-05-12T21:04:00","slug":"10r22-5-g-doble-moneda-rlb1","status":"publish","type":"product","link":"https:\/\/stmtires.com\/es\/shop\/double-coin\/10r22-5-g-doble-moneda-rlb1\/","title":{"rendered":"10R22.5 G DOBLE MONEDA RLB1"},"content":{"rendered":"<p>Cami\u00f3n\/Autob\u00fas Comercial. Neum\u00e1tico de posici\u00f3n de accionamiento radial de hombro abierto para cami\u00f3n de servicio mediano.<\/p>\n","protected":false},"excerpt":{"rendered":"<p>Cami\u00f3n\/Autob\u00fas Comercial. Neum\u00e1tico de posici\u00f3n de accionamiento radial de hombro abierto para cami\u00f3n de servicio mediano.<\/p>\n","protected":false},"featured_media":0,"comment_status":"open","ping_status":"closed","template":"","meta":{"_acf_changed":false,"subheading":[]},"product_model":[22853],"product_brand":[103,15792],"product_cat":[19286,19288,19310,19289,19253],"product_tag":[],"class_list":{"0":"post-165721","1":"product","2":"type-product","3":"status-publish","5":"product_model-double-coin-rlb1-es-2","6":"product_brand-double-coin","7":"product_brand-doublecoin","8":"product_cat-camion-autobus-comercial","9":"product_cat-conducir","10":"product_cat-hombro-abierto","11":"product_cat-radial-es","12":"product_cat-uncategorized","13":"pa_tire-size-10r22-5-es","15":"first","16":"instock","17":"shipping-taxable","18":"purchasable","19":"product-type-simple"},"acf":[],"_links":{"self":[{"href":"https:\/\/stmtires.com\/es\/wp-json\/wp\/v2\/product\/165721","targetHints":{"allow":["GET"]}}],"collection":[{"href":"https:\/\/stmtires.com\/es\/wp-json\/wp\/v2\/product"}],"about":[{"href":"https:\/\/stmtires.com\/es\/wp-json\/wp\/v2\/types\/product"}],"replies":[{"embeddable":true,"href":"https:\/\/stmtires.com\/es\/wp-json\/wp\/v2\/comments?post=165721"}],"wp:attachment":[{"href":"https:\/\/stmtires.com\/es\/wp-json\/wp\/v2\/media?parent=165721"}],"wp:term":[{"taxonomy":"product_model","embeddable":true,"href":"https:\/\/stmtires.com\/es\/wp-json\/wp\/v2\/product_model?post=165721"},{"taxonomy":"product_brand","embeddable":true,"href":"https:\/\/stmtires.com\/es\/wp-json\/wp\/v2\/product_brand?post=165721"},{"taxonomy":"product_cat","embeddable":true,"href":"https:\/\/stmtires.com\/es\/wp-json\/wp\/v2\/product_cat?post=165721"},{"taxonomy":"product_tag","embeddable":true,"href":"https:\/\/stmtires.com\/es\/wp-json\/wp\/v2\/product_tag?post=165721"}],"curies":[{"name":"wp","href":"https:\/\/api.w.org\/{rel}","templated":true}]}}