{"id":165745,"date":"2022-05-12T15:52:29","date_gmt":"2022-05-12T20:52:29","guid":{"rendered":"https:\/\/website.dev.stmtires.com\/shop\/sin categor\u00eda\/10r225-g-m726-el\/"},"modified":"2022-05-12T15:52:29","modified_gmt":"2022-05-12T20:52:29","slug":"10r22-5-g-m726-el-2","status":"publish","type":"product","link":"https:\/\/stmtires.com\/es\/shop\/bridgestone\/10r22-5-g-m726-el-2\/","title":{"rendered":"10R22,5 G M726 EL"},"content":{"rendered":"<p>Cami\u00f3n\/Autob\u00fas Comercial. Cami\u00f3n de servicio mediano Mega-Deep Drive Neum\u00e1tico radial recomendado para aplicaciones de accionamiento en servicio de larga distancia \/ servicio de transporte regional y servicio de recogida y entrega.<\/p>\n","protected":false},"excerpt":{"rendered":"<p>Cami\u00f3n\/Autob\u00fas Comercial. Cami\u00f3n de servicio mediano Mega-Deep Drive Neum\u00e1tico radial recomendado para aplicaciones de accionamiento en servicio de larga distancia \/ servicio de transporte regional y servicio de recogida y entrega.<\/p>\n","protected":false},"featured_media":0,"comment_status":"open","ping_status":"closed","template":"","meta":{"_acf_changed":false,"subheading":[]},"product_model":[22950],"product_brand":[15732],"product_cat":[19286,19288,19289,19332,19253],"product_tag":[],"class_list":{"0":"post-165745","1":"product","2":"type-product","3":"status-publish","5":"product_model-m726-el-es","6":"product_brand-bridgestone","7":"product_cat-camion-autobus-comercial","8":"product_cat-conducir","9":"product_cat-radial-es","10":"product_cat-servicio-regional","11":"product_cat-uncategorized","12":"pa_tire-size-10r22-5-es","14":"first","15":"instock","16":"shipping-taxable","17":"purchasable","18":"product-type-simple"},"acf":[],"_links":{"self":[{"href":"https:\/\/stmtires.com\/es\/wp-json\/wp\/v2\/product\/165745","targetHints":{"allow":["GET"]}}],"collection":[{"href":"https:\/\/stmtires.com\/es\/wp-json\/wp\/v2\/product"}],"about":[{"href":"https:\/\/stmtires.com\/es\/wp-json\/wp\/v2\/types\/product"}],"replies":[{"embeddable":true,"href":"https:\/\/stmtires.com\/es\/wp-json\/wp\/v2\/comments?post=165745"}],"wp:attachment":[{"href":"https:\/\/stmtires.com\/es\/wp-json\/wp\/v2\/media?parent=165745"}],"wp:term":[{"taxonomy":"product_model","embeddable":true,"href":"https:\/\/stmtires.com\/es\/wp-json\/wp\/v2\/product_model?post=165745"},{"taxonomy":"product_brand","embeddable":true,"href":"https:\/\/stmtires.com\/es\/wp-json\/wp\/v2\/product_brand?post=165745"},{"taxonomy":"product_cat","embeddable":true,"href":"https:\/\/stmtires.com\/es\/wp-json\/wp\/v2\/product_cat?post=165745"},{"taxonomy":"product_tag","embeddable":true,"href":"https:\/\/stmtires.com\/es\/wp-json\/wp\/v2\/product_tag?post=165745"}],"curies":[{"name":"wp","href":"https:\/\/api.w.org\/{rel}","templated":true}]}}