{"id":165773,"date":"2022-05-12T10:21:58","date_gmt":"2022-05-12T15:21:58","guid":{"rendered":"https:\/\/website.dev.stmtires.com\/shop\/sin categor\u00eda\/10r225-g-xde-m-s\/"},"modified":"2022-05-12T10:21:58","modified_gmt":"2022-05-12T15:21:58","slug":"10r22-5-g-xde-m-s-2","status":"publish","type":"product","link":"https:\/\/stmtires.com\/es\/shop\/michelin\/10r22-5-g-xde-m-s-2\/","title":{"rendered":"10R22,5 G XDE M\/S"},"content":{"rendered":"<p>Cami\u00f3n\/Autob\u00fas Comercial. Neum\u00e1tico de eje de transmisi\u00f3n de hombro abierto para camiones de servicio mediano dise\u00f1ado para un excelente kilometraje y tracci\u00f3n en una amplia gama de aplicaciones regionales.<\/p>\n","protected":false},"excerpt":{"rendered":"<p>Cami\u00f3n\/Autob\u00fas Comercial. Neum\u00e1tico de eje de transmisi\u00f3n de hombro abierto para camiones de servicio mediano dise\u00f1ado para un excelente kilometraje y tracci\u00f3n en una amplia gama de aplicaciones regionales.<\/p>\n","protected":false},"featured_media":0,"comment_status":"open","ping_status":"closed","template":"","meta":{"_acf_changed":false,"subheading":[]},"product_model":[22365],"product_brand":[37,15734],"product_cat":[19288,19253],"product_tag":[],"class_list":{"0":"post-165773","1":"product","2":"type-product","3":"status-publish","5":"product_model-xde-m-s-es-2","6":"product_brand-michelin","7":"product_brand-michelin-es","8":"product_cat-conducir","9":"product_cat-uncategorized","10":"pa_tire-size-10r22-5-es","12":"first","13":"instock","14":"shipping-taxable","15":"purchasable","16":"product-type-simple"},"acf":[],"_links":{"self":[{"href":"https:\/\/stmtires.com\/es\/wp-json\/wp\/v2\/product\/165773","targetHints":{"allow":["GET"]}}],"collection":[{"href":"https:\/\/stmtires.com\/es\/wp-json\/wp\/v2\/product"}],"about":[{"href":"https:\/\/stmtires.com\/es\/wp-json\/wp\/v2\/types\/product"}],"replies":[{"embeddable":true,"href":"https:\/\/stmtires.com\/es\/wp-json\/wp\/v2\/comments?post=165773"}],"wp:attachment":[{"href":"https:\/\/stmtires.com\/es\/wp-json\/wp\/v2\/media?parent=165773"}],"wp:term":[{"taxonomy":"product_model","embeddable":true,"href":"https:\/\/stmtires.com\/es\/wp-json\/wp\/v2\/product_model?post=165773"},{"taxonomy":"product_brand","embeddable":true,"href":"https:\/\/stmtires.com\/es\/wp-json\/wp\/v2\/product_brand?post=165773"},{"taxonomy":"product_cat","embeddable":true,"href":"https:\/\/stmtires.com\/es\/wp-json\/wp\/v2\/product_cat?post=165773"},{"taxonomy":"product_tag","embeddable":true,"href":"https:\/\/stmtires.com\/es\/wp-json\/wp\/v2\/product_tag?post=165773"}],"curies":[{"name":"wp","href":"https:\/\/api.w.org\/{rel}","templated":true}]}}