{"id":165852,"date":"2022-05-12T11:40:16","date_gmt":"2022-05-12T16:40:16","guid":{"rendered":"https:\/\/website.dev.stmtires.com\/shop\/sin categor\u00eda\/11-00-16-d-tl-guia-de-la-guia-grip-3-rib-stubble-stomper-f-2\/"},"modified":"2022-05-12T11:40:16","modified_gmt":"2022-05-12T16:40:16","slug":"11-00-16-d-tl-champion-guide-grip-3-rib-stubble-stomper-f-2-3","status":"publish","type":"product","link":"https:\/\/stmtires.com\/es\/shop\/firestone\/11-00-16-d-tl-champion-guide-grip-3-rib-stubble-stomper-f-2-3\/","title":{"rendered":"11.00-16 D TL GU\u00cdA DE LA GU\u00cdA GRIP 3-RIB STUBBLE STOMPER &#8211; F-2"},"content":{"rendered":"<p>Neum\u00e1tico de tractor delantero agr\u00edcola F-2 Tri Rib para trabajo agr\u00edcola general &#8211; Agarre.<\/p>\n","protected":false},"excerpt":{"rendered":"<p>Neum\u00e1tico de tractor delantero agr\u00edcola F-2 Tri Rib para trabajo agr\u00edcola general &#8211; Agarre.<\/p>\n","protected":false},"featured_media":0,"comment_status":"open","ping_status":"closed","template":"","meta":{"_acf_changed":false,"subheading":[]},"product_model":[22477],"product_brand":[39,15736],"product_cat":[26128,19324,26135,16312,26129,26134,19253],"product_tag":[],"class_list":{"0":"post-165852","1":"product","2":"type-product","3":"status-publish","5":"product_model-champion-guide-grip-3-rib-stubble-stomper-f-2-es-2","6":"product_brand-firestone","7":"product_brand-firestone-es","8":"product_cat-agricola","9":"product_cat-costilla","10":"product_cat-granja","11":"product_cat-rib","12":"product_cat-tractor-es","13":"product_cat-tractor-delantero","14":"product_cat-uncategorized","15":"pa_tire-size-11r16-es","17":"first","18":"instock","19":"shipping-taxable","20":"purchasable","21":"product-type-simple"},"acf":[],"_links":{"self":[{"href":"https:\/\/stmtires.com\/es\/wp-json\/wp\/v2\/product\/165852","targetHints":{"allow":["GET"]}}],"collection":[{"href":"https:\/\/stmtires.com\/es\/wp-json\/wp\/v2\/product"}],"about":[{"href":"https:\/\/stmtires.com\/es\/wp-json\/wp\/v2\/types\/product"}],"replies":[{"embeddable":true,"href":"https:\/\/stmtires.com\/es\/wp-json\/wp\/v2\/comments?post=165852"}],"wp:attachment":[{"href":"https:\/\/stmtires.com\/es\/wp-json\/wp\/v2\/media?parent=165852"}],"wp:term":[{"taxonomy":"product_model","embeddable":true,"href":"https:\/\/stmtires.com\/es\/wp-json\/wp\/v2\/product_model?post=165852"},{"taxonomy":"product_brand","embeddable":true,"href":"https:\/\/stmtires.com\/es\/wp-json\/wp\/v2\/product_brand?post=165852"},{"taxonomy":"product_cat","embeddable":true,"href":"https:\/\/stmtires.com\/es\/wp-json\/wp\/v2\/product_cat?post=165852"},{"taxonomy":"product_tag","embeddable":true,"href":"https:\/\/stmtires.com\/es\/wp-json\/wp\/v2\/product_tag?post=165852"}],"curies":[{"name":"wp","href":"https:\/\/api.w.org\/{rel}","templated":true}]}}