{"id":165876,"date":"2022-05-12T16:15:29","date_gmt":"2022-05-12T21:15:29","guid":{"rendered":"https:\/\/website.dev.stmtires.com\/shop\/sin categor\u00eda\/11-00-20-f-tt-rodillo-de-carretera-c-1\/"},"modified":"2022-05-12T16:15:29","modified_gmt":"2022-05-12T21:15:29","slug":"11-00-20-f-tt-road-roller-c-1-2","status":"publish","type":"product","link":"https:\/\/stmtires.com\/es\/shop\/bridgestone\/11-00-20-f-tt-road-roller-c-1-2\/","title":{"rendered":"11.00-20 F TT RODILLO DE CARRETERA C-1"},"content":{"rendered":"<p>Bias OTR Compactador C-1 Neum\u00e1tico de banda de rodadura lisa dise\u00f1ado para equipos de compactaci\u00f3n y pavimentaci\u00f3n.<\/p>\n","protected":false},"excerpt":{"rendered":"<p>Bias OTR Compactador C-1 Neum\u00e1tico de banda de rodadura lisa dise\u00f1ado para equipos de compactaci\u00f3n y pavimentaci\u00f3n.<\/p>\n","protected":false},"featured_media":0,"comment_status":"open","ping_status":"closed","template":"","meta":{"_acf_changed":false,"subheading":[]},"product_model":[22967],"product_brand":[15732],"product_cat":[19355,19298,19253],"product_tag":[],"class_list":{"0":"post-165876","1":"product","2":"type-product","3":"status-publish","5":"product_model-rr-road-roller-es","6":"product_brand-bridgestone","7":"product_cat-predisposicion","8":"product_cat-suave","9":"product_cat-uncategorized","10":"pa_tire-size-11r20-es","12":"first","13":"instock","14":"shipping-taxable","15":"purchasable","16":"product-type-simple"},"acf":[],"_links":{"self":[{"href":"https:\/\/stmtires.com\/es\/wp-json\/wp\/v2\/product\/165876","targetHints":{"allow":["GET"]}}],"collection":[{"href":"https:\/\/stmtires.com\/es\/wp-json\/wp\/v2\/product"}],"about":[{"href":"https:\/\/stmtires.com\/es\/wp-json\/wp\/v2\/types\/product"}],"replies":[{"embeddable":true,"href":"https:\/\/stmtires.com\/es\/wp-json\/wp\/v2\/comments?post=165876"}],"wp:attachment":[{"href":"https:\/\/stmtires.com\/es\/wp-json\/wp\/v2\/media?parent=165876"}],"wp:term":[{"taxonomy":"product_model","embeddable":true,"href":"https:\/\/stmtires.com\/es\/wp-json\/wp\/v2\/product_model?post=165876"},{"taxonomy":"product_brand","embeddable":true,"href":"https:\/\/stmtires.com\/es\/wp-json\/wp\/v2\/product_brand?post=165876"},{"taxonomy":"product_cat","embeddable":true,"href":"https:\/\/stmtires.com\/es\/wp-json\/wp\/v2\/product_cat?post=165876"},{"taxonomy":"product_tag","embeddable":true,"href":"https:\/\/stmtires.com\/es\/wp-json\/wp\/v2\/product_tag?post=165876"}],"curies":[{"name":"wp","href":"https:\/\/api.w.org\/{rel}","templated":true}]}}