{"id":165892,"date":"2022-05-12T11:40:38","date_gmt":"2022-05-12T16:40:38","guid":{"rendered":"https:\/\/website.dev.stmtires.com\/shop\/sin categor\u00eda\/11-00r16-e-xl\/"},"modified":"2022-05-12T11:40:38","modified_gmt":"2022-05-12T16:40:38","slug":"11-00r16-e-xl-2","status":"publish","type":"product","link":"https:\/\/stmtires.com\/es\/shop\/michelin\/11-00r16-e-xl-2\/","title":{"rendered":"11.00R16 E XL"},"content":{"rendered":"<p>Neum\u00e1tico radial robusto y confiable para veh\u00edculos t\u00e1cticos todo terreno utilizado en veh\u00edculos de servicio militar.<\/p>\n","protected":false},"excerpt":{"rendered":"<p>Neum\u00e1tico radial robusto y confiable para veh\u00edculos t\u00e1cticos todo terreno utilizado en veh\u00edculos de servicio militar.<\/p>\n","protected":false},"featured_media":0,"comment_status":"open","ping_status":"closed","template":"","meta":{"_acf_changed":false,"subheading":[]},"product_model":[22482],"product_brand":[37,15734],"product_cat":[19288,19253],"product_tag":[],"class_list":{"0":"post-165892","1":"product","2":"type-product","3":"status-publish","5":"product_model-xl-es-2","6":"product_brand-michelin","7":"product_brand-michelin-es","8":"product_cat-conducir","9":"product_cat-uncategorized","10":"pa_tire-size-11r16-es","12":"first","13":"instock","14":"shipping-taxable","15":"purchasable","16":"product-type-simple"},"acf":[],"_links":{"self":[{"href":"https:\/\/stmtires.com\/es\/wp-json\/wp\/v2\/product\/165892","targetHints":{"allow":["GET"]}}],"collection":[{"href":"https:\/\/stmtires.com\/es\/wp-json\/wp\/v2\/product"}],"about":[{"href":"https:\/\/stmtires.com\/es\/wp-json\/wp\/v2\/types\/product"}],"replies":[{"embeddable":true,"href":"https:\/\/stmtires.com\/es\/wp-json\/wp\/v2\/comments?post=165892"}],"wp:attachment":[{"href":"https:\/\/stmtires.com\/es\/wp-json\/wp\/v2\/media?parent=165892"}],"wp:term":[{"taxonomy":"product_model","embeddable":true,"href":"https:\/\/stmtires.com\/es\/wp-json\/wp\/v2\/product_model?post=165892"},{"taxonomy":"product_brand","embeddable":true,"href":"https:\/\/stmtires.com\/es\/wp-json\/wp\/v2\/product_brand?post=165892"},{"taxonomy":"product_cat","embeddable":true,"href":"https:\/\/stmtires.com\/es\/wp-json\/wp\/v2\/product_cat?post=165892"},{"taxonomy":"product_tag","embeddable":true,"href":"https:\/\/stmtires.com\/es\/wp-json\/wp\/v2\/product_tag?post=165892"}],"curies":[{"name":"wp","href":"https:\/\/api.w.org\/{rel}","templated":true}]}}