{"id":166882,"date":"2022-05-12T11:45:25","date_gmt":"2022-05-12T16:45:25","guid":{"rendered":"https:\/\/website.dev.stmtires.com\/shop\/sin categor\u00eda\/vf380-90r46-tl-radial-toda-traccion-rc-r-1w\/"},"modified":"2022-05-12T11:45:25","modified_gmt":"2022-05-12T16:45:25","slug":"vf380-90r46-tl-radial-all-traction-rc-r-1w-2","status":"publish","type":"product","link":"https:\/\/stmtires.com\/es\/shop\/firestone\/vf380-90r46-tl-radial-all-traction-rc-r-1w-2\/","title":{"rendered":"VF380\/90R46 TL RADIAL TODA TRACCI\u00d3N RC R-1W"},"content":{"rendered":"<p>Neum\u00e1tico de banda de rodadura profunda radial agr\u00edcola R-1W dise\u00f1ado con tecnolog\u00eda AD\u00b2 y espec\u00edficamente para pulverizadores de alto espacio libre y alto volumen.<\/p>\n","protected":false},"excerpt":{"rendered":"<p>Neum\u00e1tico de banda de rodadura profunda radial agr\u00edcola R-1W dise\u00f1ado con tecnolog\u00eda AD\u00b2 y espec\u00edficamente para pulverizadores de alto espacio libre y alto volumen.<\/p>\n","protected":false},"featured_media":0,"comment_status":"open","ping_status":"closed","template":"","meta":{"_acf_changed":false,"subheading":[]},"product_model":[22641],"product_brand":[39,15736],"product_cat":[26128,19304,16316,19289,19253],"product_tag":[],"class_list":{"0":"post-166882","1":"product","2":"type-product","3":"status-publish","5":"product_model-radial-all-traction-rc-r-1w-es-2","6":"product_brand-firestone","7":"product_brand-firestone-es","8":"product_cat-agricola","9":"product_cat-banda-de-rodadura-profunda","10":"product_cat-deep-tread","11":"product_cat-radial-es","12":"product_cat-uncategorized","13":"pa_tire-size-380-90r46-es","15":"first","16":"instock","17":"shipping-taxable","18":"purchasable","19":"product-type-simple"},"acf":[],"_links":{"self":[{"href":"https:\/\/stmtires.com\/es\/wp-json\/wp\/v2\/product\/166882","targetHints":{"allow":["GET"]}}],"collection":[{"href":"https:\/\/stmtires.com\/es\/wp-json\/wp\/v2\/product"}],"about":[{"href":"https:\/\/stmtires.com\/es\/wp-json\/wp\/v2\/types\/product"}],"replies":[{"embeddable":true,"href":"https:\/\/stmtires.com\/es\/wp-json\/wp\/v2\/comments?post=166882"}],"wp:attachment":[{"href":"https:\/\/stmtires.com\/es\/wp-json\/wp\/v2\/media?parent=166882"}],"wp:term":[{"taxonomy":"product_model","embeddable":true,"href":"https:\/\/stmtires.com\/es\/wp-json\/wp\/v2\/product_model?post=166882"},{"taxonomy":"product_brand","embeddable":true,"href":"https:\/\/stmtires.com\/es\/wp-json\/wp\/v2\/product_brand?post=166882"},{"taxonomy":"product_cat","embeddable":true,"href":"https:\/\/stmtires.com\/es\/wp-json\/wp\/v2\/product_cat?post=166882"},{"taxonomy":"product_tag","embeddable":true,"href":"https:\/\/stmtires.com\/es\/wp-json\/wp\/v2\/product_tag?post=166882"}],"curies":[{"name":"wp","href":"https:\/\/api.w.org\/{rel}","templated":true}]}}