{"id":167300,"date":"2022-05-12T18:28:51","date_gmt":"2022-05-12T23:28:51","guid":{"rendered":"https:\/\/website.dev.stmtires.com\/shop\/sin categor\u00eda\/26-5-25-n-tl-y524-rer\/"},"modified":"2022-05-12T18:28:51","modified_gmt":"2022-05-12T23:28:51","slug":"26-5-25-n-tl-y524-rer-2","status":"publish","type":"product","link":"https:\/\/stmtires.com\/es\/shop\/yokohama\/26-5-25-n-tl-y524-rer-2\/","title":{"rendered":"26.5-25 N TL Y524 RER"},"content":{"rendered":"<p>OTR L-5 Loader\/Dozer Rock Extra Deep Tread Dise\u00f1ado para prosperar en el servicio de miner\u00eda y cantera m\u00e1s dif\u00edcil.<\/p>\n","protected":false},"excerpt":{"rendered":"<p>OTR L-5 Loader\/Dozer Rock Extra Deep Tread Dise\u00f1ado para prosperar en el servicio de miner\u00eda y cantera m\u00e1s dif\u00edcil.<\/p>\n","protected":false},"featured_media":0,"comment_status":"open","ping_status":"closed","template":"","meta":{"_acf_changed":false,"subheading":[]},"product_model":[22888],"product_brand":[54,15750],"product_cat":[19304,19313,19253],"product_tag":[],"class_list":{"0":"post-167300","1":"product","2":"type-product","3":"status-publish","5":"product_model-y524-es","6":"product_brand-yokohama","8":"product_cat-banda-de-rodadura-profunda","9":"product_cat-mineria","10":"product_cat-uncategorized","11":"pa_tire-size-265r25","13":"first","14":"instock","15":"shipping-taxable","16":"purchasable","17":"product-type-simple"},"acf":[],"_links":{"self":[{"href":"https:\/\/stmtires.com\/es\/wp-json\/wp\/v2\/product\/167300","targetHints":{"allow":["GET"]}}],"collection":[{"href":"https:\/\/stmtires.com\/es\/wp-json\/wp\/v2\/product"}],"about":[{"href":"https:\/\/stmtires.com\/es\/wp-json\/wp\/v2\/types\/product"}],"replies":[{"embeddable":true,"href":"https:\/\/stmtires.com\/es\/wp-json\/wp\/v2\/comments?post=167300"}],"wp:attachment":[{"href":"https:\/\/stmtires.com\/es\/wp-json\/wp\/v2\/media?parent=167300"}],"wp:term":[{"taxonomy":"product_model","embeddable":true,"href":"https:\/\/stmtires.com\/es\/wp-json\/wp\/v2\/product_model?post=167300"},{"taxonomy":"product_brand","embeddable":true,"href":"https:\/\/stmtires.com\/es\/wp-json\/wp\/v2\/product_brand?post=167300"},{"taxonomy":"product_cat","embeddable":true,"href":"https:\/\/stmtires.com\/es\/wp-json\/wp\/v2\/product_cat?post=167300"},{"taxonomy":"product_tag","embeddable":true,"href":"https:\/\/stmtires.com\/es\/wp-json\/wp\/v2\/product_tag?post=167300"}],"curies":[{"name":"wp","href":"https:\/\/api.w.org\/{rel}","templated":true}]}}