{"id":167388,"date":"2022-05-12T18:28:40","date_gmt":"2022-05-12T23:28:40","guid":{"rendered":"https:\/\/website.dev.stmtires.com\/shop\/sin%20categor\u00eda\/24-00-35-tl-y523-rer\/"},"modified":"2022-05-24T10:50:50","modified_gmt":"2022-05-24T15:50:50","slug":"24-00-35-tl-y523-rer","status":"publish","type":"product","link":"https:\/\/stmtires.com\/es\/shop\/yokohama\/24-00-35-tl-y523-rer\/","title":{"rendered":"24.00-35 TL Y523 RER"},"content":{"rendered":"<p>OTR Y523 IND-4 Banda de rodadura profunda<\/p>\n<p>neum\u00e1tico con asignaci\u00f3n de carga pesada Ideal para apiladores de troncos y manipuladores de troncos. Neum\u00e1tico Y523 E-4 Rock Deep Tread para uso en camiones de volteo en condiciones altamente abrasivas.<\/p>\n","protected":false},"excerpt":{"rendered":"<p>OTR Y523 IND-4 Banda de rodadura profunda neum\u00e1tico con asignaci\u00f3n de carga pesada Ideal para apiladores de troncos y manipuladores de troncos. Neum\u00e1tico Y523 E-4 Rock Deep Tread para uso en camiones de volteo en condiciones altamente abrasivas.<\/p>\n","protected":false},"featured_media":0,"comment_status":"open","ping_status":"closed","template":"","meta":{"_acf_changed":false,"subheading":[]},"product_model":[22886],"product_brand":[54,15750],"product_cat":[19304,16316,19253],"product_tag":[],"class_list":{"0":"post-167388","1":"product","2":"type-product","3":"status-publish","5":"product_model-y523-es","6":"product_brand-yokohama","8":"product_cat-banda-de-rodadura-profunda","9":"product_cat-deep-tread","10":"product_cat-uncategorized","11":"pa_tire-size-24r35-es","13":"first","14":"instock","15":"shipping-taxable","16":"purchasable","17":"product-type-simple"},"acf":[],"_links":{"self":[{"href":"https:\/\/stmtires.com\/es\/wp-json\/wp\/v2\/product\/167388","targetHints":{"allow":["GET"]}}],"collection":[{"href":"https:\/\/stmtires.com\/es\/wp-json\/wp\/v2\/product"}],"about":[{"href":"https:\/\/stmtires.com\/es\/wp-json\/wp\/v2\/types\/product"}],"replies":[{"embeddable":true,"href":"https:\/\/stmtires.com\/es\/wp-json\/wp\/v2\/comments?post=167388"}],"wp:attachment":[{"href":"https:\/\/stmtires.com\/es\/wp-json\/wp\/v2\/media?parent=167388"}],"wp:term":[{"taxonomy":"product_model","embeddable":true,"href":"https:\/\/stmtires.com\/es\/wp-json\/wp\/v2\/product_model?post=167388"},{"taxonomy":"product_brand","embeddable":true,"href":"https:\/\/stmtires.com\/es\/wp-json\/wp\/v2\/product_brand?post=167388"},{"taxonomy":"product_cat","embeddable":true,"href":"https:\/\/stmtires.com\/es\/wp-json\/wp\/v2\/product_cat?post=167388"},{"taxonomy":"product_tag","embeddable":true,"href":"https:\/\/stmtires.com\/es\/wp-json\/wp\/v2\/product_tag?post=167388"}],"curies":[{"name":"wp","href":"https:\/\/api.w.org\/{rel}","templated":true}]}}