{"id":167435,"date":"2022-05-12T18:28:29","date_gmt":"2022-05-12T23:28:29","guid":{"rendered":"https:\/\/website.dev.stmtires.com\/shop\/sin categor\u00eda\/315-35zr21-xl-dueler-h-p-sport\/"},"modified":"2022-05-12T18:28:29","modified_gmt":"2022-05-12T23:28:29","slug":"315-35zr21-xl-dueler-h-p-sport-2","status":"publish","type":"product","link":"https:\/\/stmtires.com\/es\/shop\/bridgestone\/315-35zr21-xl-dueler-h-p-sport-2\/","title":{"rendered":"315\/35ZR21 XL DUELER H\/P SPORT"},"content":{"rendered":"<p>Neum\u00e1tico de verano para camiones ligeros de pasajeros \/ SUV de alto rendimiento. Equipo original en veh\u00edculos seleccionados. Tecnolog\u00eda Run Flat disponible en tama\u00f1os seleccionados.<\/p>\n","protected":false},"excerpt":{"rendered":"<p>Neum\u00e1tico de verano para camiones ligeros de pasajeros \/ SUV de alto rendimiento. Equipo original en veh\u00edculos seleccionados. Tecnolog\u00eda Run Flat disponible en tama\u00f1os seleccionados.<\/p>\n","protected":false},"featured_media":0,"comment_status":"open","ping_status":"closed","template":"","meta":{"_acf_changed":false,"subheading":[]},"product_model":[22902],"product_brand":[15732],"product_cat":[19264,19241,19242,16250,25986,19287,19240,19253],"product_tag":[],"class_list":{"0":"post-167435","1":"product","2":"type-product","3":"status-publish","5":"product_model-dueler-h-p-sport-es","6":"product_brand-bridgestone","7":"product_cat-alto-rendimiento-hp","8":"product_cat-camion-ligero-de-pasajeros-suv","9":"product_cat-equipo-original-oe","10":"product_cat-highway-service","11":"product_cat-luz-de-pasajero","12":"product_cat-servicio-de-autopistas","13":"product_cat-terreno-de-la-autopista-h-t","14":"product_cat-uncategorized","15":"pa_tire-size-315-35r21-es","17":"first","18":"instock","19":"shipping-taxable","20":"purchasable","21":"product-type-simple"},"acf":[],"_links":{"self":[{"href":"https:\/\/stmtires.com\/es\/wp-json\/wp\/v2\/product\/167435","targetHints":{"allow":["GET"]}}],"collection":[{"href":"https:\/\/stmtires.com\/es\/wp-json\/wp\/v2\/product"}],"about":[{"href":"https:\/\/stmtires.com\/es\/wp-json\/wp\/v2\/types\/product"}],"replies":[{"embeddable":true,"href":"https:\/\/stmtires.com\/es\/wp-json\/wp\/v2\/comments?post=167435"}],"wp:attachment":[{"href":"https:\/\/stmtires.com\/es\/wp-json\/wp\/v2\/media?parent=167435"}],"wp:term":[{"taxonomy":"product_model","embeddable":true,"href":"https:\/\/stmtires.com\/es\/wp-json\/wp\/v2\/product_model?post=167435"},{"taxonomy":"product_brand","embeddable":true,"href":"https:\/\/stmtires.com\/es\/wp-json\/wp\/v2\/product_brand?post=167435"},{"taxonomy":"product_cat","embeddable":true,"href":"https:\/\/stmtires.com\/es\/wp-json\/wp\/v2\/product_cat?post=167435"},{"taxonomy":"product_tag","embeddable":true,"href":"https:\/\/stmtires.com\/es\/wp-json\/wp\/v2\/product_tag?post=167435"}],"curies":[{"name":"wp","href":"https:\/\/api.w.org\/{rel}","templated":true}]}}