{"id":167760,"date":"2022-05-12T10:08:15","date_gmt":"2022-05-12T15:08:15","guid":{"rendered":"https:\/\/website.dev.stmtires.com\/shop\/sin%20categor\u00eda\/copa-de-deporte-piloto-265-35zr18\/"},"modified":"2022-05-24T11:25:11","modified_gmt":"2022-05-24T16:25:11","slug":"265-35zr18-piloto-deporte-copa","status":"publish","type":"product","link":"https:\/\/stmtires.com\/es\/shop\/tires\/265-35zr18-piloto-deporte-copa\/","title":{"rendered":"COPA DE DEPORTE PILOTO 265\/35ZR18"},"content":{"rendered":"<p>Neum\u00e1tico deportivo para turismos de ultra alto rendimiento. Equipo original en veh\u00edculos de rendimiento especiales como el Porsche GT3 RS, BMW M3 y Dodge Viper ACR. Tecnolog\u00eda ZP (Zero Pressure) Run Flat disponible en tama\u00f1os seleccionados.<\/p>\n","protected":false},"excerpt":{"rendered":"<p>Neum\u00e1tico deportivo para turismos de ultra alto rendimiento. Equipo original en veh\u00edculos de rendimiento especiales como el Porsche GT3 RS, BMW M3 y Dodge Viper ACR. Tecnolog\u00eda ZP (Zero Pressure) Run Flat disponible en tama\u00f1os seleccionados.<\/p>\n","protected":false},"featured_media":106657,"comment_status":"open","ping_status":"closed","template":"","meta":{"_acf_changed":false,"subheading":[]},"product_model":[25386],"product_brand":[],"product_cat":[19253],"product_tag":[],"class_list":{"0":"post-167760","1":"product","2":"type-product","3":"status-publish","4":"has-post-thumbnail","6":"product_model-pilot-sport-cup-es","7":"product_cat-uncategorized","9":"first","10":"instock","11":"shipping-taxable","12":"purchasable","13":"product-type-simple"},"acf":[],"_links":{"self":[{"href":"https:\/\/stmtires.com\/es\/wp-json\/wp\/v2\/product\/167760","targetHints":{"allow":["GET"]}}],"collection":[{"href":"https:\/\/stmtires.com\/es\/wp-json\/wp\/v2\/product"}],"about":[{"href":"https:\/\/stmtires.com\/es\/wp-json\/wp\/v2\/types\/product"}],"replies":[{"embeddable":true,"href":"https:\/\/stmtires.com\/es\/wp-json\/wp\/v2\/comments?post=167760"}],"wp:featuredmedia":[{"embeddable":true,"href":"https:\/\/stmtires.com\/es\/wp-json\/wp\/v2\/media\/106657"}],"wp:attachment":[{"href":"https:\/\/stmtires.com\/es\/wp-json\/wp\/v2\/media?parent=167760"}],"wp:term":[{"taxonomy":"product_model","embeddable":true,"href":"https:\/\/stmtires.com\/es\/wp-json\/wp\/v2\/product_model?post=167760"},{"taxonomy":"product_brand","embeddable":true,"href":"https:\/\/stmtires.com\/es\/wp-json\/wp\/v2\/product_brand?post=167760"},{"taxonomy":"product_cat","embeddable":true,"href":"https:\/\/stmtires.com\/es\/wp-json\/wp\/v2\/product_cat?post=167760"},{"taxonomy":"product_tag","embeddable":true,"href":"https:\/\/stmtires.com\/es\/wp-json\/wp\/v2\/product_tag?post=167760"}],"curies":[{"name":"wp","href":"https:\/\/api.w.org\/{rel}","templated":true}]}}