{"id":167795,"date":"2022-05-12T11:27:48","date_gmt":"2022-05-12T16:27:48","guid":{"rendered":"https:\/\/website.dev.stmtires.com\/shop\/sin categor\u00eda\/11l-15-e-tl-industrial-especial-f-3\/"},"modified":"2022-05-12T11:27:48","modified_gmt":"2022-05-12T16:27:48","slug":"11l-15-e-tl-industrial-special-f-3-2","status":"publish","type":"product","link":"https:\/\/stmtires.com\/es\/shop\/firestone-es\/11l-15-e-tl-industrial-special-f-3-2\/","title":{"rendered":"11L-15 E TL INDUSTRIAL ESPECIAL F-3"},"content":{"rendered":"<p>Tractor delantero Multi Rib Bias F-3 Neum\u00e1tico retroexcavador dise\u00f1ado para el servicio industrial ligero agr\u00edcola.<\/p>\n","protected":false},"excerpt":{"rendered":"<p>Tractor delantero Multi Rib Bias F-3 Neum\u00e1tico retroexcavador dise\u00f1ado para el servicio industrial ligero agr\u00edcola.<\/p>\n","protected":false},"featured_media":0,"comment_status":"open","ping_status":"closed","template":"","meta":{"_acf_changed":false,"subheading":[]},"product_model":[25555],"product_brand":[15736],"product_cat":[26128,19324,19295,19355,26129,26134,19253],"product_tag":[],"class_list":{"0":"post-167795","1":"product","2":"type-product","3":"status-publish","5":"product_model-industrial-special-backhoe-f-3-es","6":"product_brand-firestone-es","7":"product_cat-agricola","8":"product_cat-costilla","9":"product_cat-industrial-es","10":"product_cat-predisposicion","11":"product_cat-tractor-es","12":"product_cat-tractor-delantero","13":"product_cat-uncategorized","14":"pa_tire-size-11r15-es","16":"first","17":"instock","18":"shipping-taxable","19":"purchasable","20":"product-type-simple"},"acf":[],"_links":{"self":[{"href":"https:\/\/stmtires.com\/es\/wp-json\/wp\/v2\/product\/167795","targetHints":{"allow":["GET"]}}],"collection":[{"href":"https:\/\/stmtires.com\/es\/wp-json\/wp\/v2\/product"}],"about":[{"href":"https:\/\/stmtires.com\/es\/wp-json\/wp\/v2\/types\/product"}],"replies":[{"embeddable":true,"href":"https:\/\/stmtires.com\/es\/wp-json\/wp\/v2\/comments?post=167795"}],"wp:attachment":[{"href":"https:\/\/stmtires.com\/es\/wp-json\/wp\/v2\/media?parent=167795"}],"wp:term":[{"taxonomy":"product_model","embeddable":true,"href":"https:\/\/stmtires.com\/es\/wp-json\/wp\/v2\/product_model?post=167795"},{"taxonomy":"product_brand","embeddable":true,"href":"https:\/\/stmtires.com\/es\/wp-json\/wp\/v2\/product_brand?post=167795"},{"taxonomy":"product_cat","embeddable":true,"href":"https:\/\/stmtires.com\/es\/wp-json\/wp\/v2\/product_cat?post=167795"},{"taxonomy":"product_tag","embeddable":true,"href":"https:\/\/stmtires.com\/es\/wp-json\/wp\/v2\/product_tag?post=167795"}],"curies":[{"name":"wp","href":"https:\/\/api.w.org\/{rel}","templated":true}]}}