{"id":167849,"date":"2022-05-12T10:08:53","date_gmt":"2022-05-12T15:08:53","guid":{"rendered":"https:\/\/website.dev.stmtires.com\/shop\/sin categor\u00eda\/205-50zr15-g-force-t-a-kdw\/"},"modified":"2022-06-20T18:21:43","modified_gmt":"2022-06-20T23:21:43","slug":"205-50zr15-g-force-t-a-kdw-2","status":"publish","type":"product","link":"https:\/\/stmtires.com\/es\/shop\/tires\/205-50zr15-g-force-t-a-kdw-2\/","title":{"rendered":"205\/50ZR15 G-FORCE T\/A KDW"},"content":{"rendered":"<p>Neum\u00e1tico de verano de verano de ultra alto rendimiento y cami\u00f3n ligero \/ SUV. Rendimiento deportivo para coup\u00e9, sed\u00e1n, autom\u00f3vil o cami\u00f3n.<\/p>\n","protected":false},"excerpt":{"rendered":"<p>Neum\u00e1tico de verano de verano de ultra alto rendimiento y cami\u00f3n ligero \/ SUV. Rendimiento deportivo para coup\u00e9, sed\u00e1n, autom\u00f3vil o cami\u00f3n.<\/p>\n","protected":false},"featured_media":0,"comment_status":"open","ping_status":"closed","template":"","meta":{"_acf_changed":false,"subheading":[]},"product_model":[25362],"product_brand":[],"product_cat":[19253],"product_tag":[],"class_list":{"0":"post-167849","1":"product","2":"type-product","3":"status-publish","5":"product_model-g-force-t-a-kdw-es","6":"product_cat-uncategorized","8":"first","9":"instock","10":"shipping-taxable","11":"purchasable","12":"product-type-simple"},"acf":[],"_links":{"self":[{"href":"https:\/\/stmtires.com\/es\/wp-json\/wp\/v2\/product\/167849","targetHints":{"allow":["GET"]}}],"collection":[{"href":"https:\/\/stmtires.com\/es\/wp-json\/wp\/v2\/product"}],"about":[{"href":"https:\/\/stmtires.com\/es\/wp-json\/wp\/v2\/types\/product"}],"replies":[{"embeddable":true,"href":"https:\/\/stmtires.com\/es\/wp-json\/wp\/v2\/comments?post=167849"}],"wp:attachment":[{"href":"https:\/\/stmtires.com\/es\/wp-json\/wp\/v2\/media?parent=167849"}],"wp:term":[{"taxonomy":"product_model","embeddable":true,"href":"https:\/\/stmtires.com\/es\/wp-json\/wp\/v2\/product_model?post=167849"},{"taxonomy":"product_brand","embeddable":true,"href":"https:\/\/stmtires.com\/es\/wp-json\/wp\/v2\/product_brand?post=167849"},{"taxonomy":"product_cat","embeddable":true,"href":"https:\/\/stmtires.com\/es\/wp-json\/wp\/v2\/product_cat?post=167849"},{"taxonomy":"product_tag","embeddable":true,"href":"https:\/\/stmtires.com\/es\/wp-json\/wp\/v2\/product_tag?post=167849"}],"curies":[{"name":"wp","href":"https:\/\/api.w.org\/{rel}","templated":true}]}}