{"id":167921,"date":"2022-05-12T10:08:39","date_gmt":"2022-05-12T15:08:39","guid":{"rendered":"https:\/\/website.dev.stmtires.com\/shop\/sin%20categor\u00eda\/simetria-175-70r13\/"},"modified":"2022-05-24T11:41:31","modified_gmt":"2022-05-24T16:41:31","slug":"175-70r13-simetria","status":"publish","type":"product","link":"https:\/\/stmtires.com\/es\/shop\/tires\/175-70r13-simetria\/","title":{"rendered":"SIMETR\u00cdA 175\/70R13"},"content":{"rendered":"<p>Equipo original Neum\u00e1tico para autom\u00f3viles de pasajeros para todas las estaciones. Tambi\u00e9n disponible con dise\u00f1o de pared lateral blanca.<\/p>\n","protected":false},"excerpt":{"rendered":"<p>Equipo original Neum\u00e1tico para autom\u00f3viles de pasajeros para todas las estaciones. Tambi\u00e9n disponible con dise\u00f1o de pared lateral blanca.<\/p>\n","protected":false},"featured_media":106633,"comment_status":"open","ping_status":"closed","template":"","meta":{"_acf_changed":false,"subheading":[]},"product_model":[25376],"product_brand":[],"product_cat":[19253],"product_tag":[],"class_list":{"0":"post-167921","1":"product","2":"type-product","3":"status-publish","4":"has-post-thumbnail","6":"product_model-symmetry-es","7":"product_cat-uncategorized","9":"first","10":"instock","11":"shipping-taxable","12":"purchasable","13":"product-type-simple"},"acf":[],"_links":{"self":[{"href":"https:\/\/stmtires.com\/es\/wp-json\/wp\/v2\/product\/167921","targetHints":{"allow":["GET"]}}],"collection":[{"href":"https:\/\/stmtires.com\/es\/wp-json\/wp\/v2\/product"}],"about":[{"href":"https:\/\/stmtires.com\/es\/wp-json\/wp\/v2\/types\/product"}],"replies":[{"embeddable":true,"href":"https:\/\/stmtires.com\/es\/wp-json\/wp\/v2\/comments?post=167921"}],"wp:featuredmedia":[{"embeddable":true,"href":"https:\/\/stmtires.com\/es\/wp-json\/wp\/v2\/media\/106633"}],"wp:attachment":[{"href":"https:\/\/stmtires.com\/es\/wp-json\/wp\/v2\/media?parent=167921"}],"wp:term":[{"taxonomy":"product_model","embeddable":true,"href":"https:\/\/stmtires.com\/es\/wp-json\/wp\/v2\/product_model?post=167921"},{"taxonomy":"product_brand","embeddable":true,"href":"https:\/\/stmtires.com\/es\/wp-json\/wp\/v2\/product_brand?post=167921"},{"taxonomy":"product_cat","embeddable":true,"href":"https:\/\/stmtires.com\/es\/wp-json\/wp\/v2\/product_cat?post=167921"},{"taxonomy":"product_tag","embeddable":true,"href":"https:\/\/stmtires.com\/es\/wp-json\/wp\/v2\/product_tag?post=167921"}],"curies":[{"name":"wp","href":"https:\/\/api.w.org\/{rel}","templated":true}]}}