{"id":168385,"date":"2022-05-12T18:24:10","date_gmt":"2022-05-12T23:24:10","guid":{"rendered":"https:\/\/website.dev.stmtires.com\/shop\/sin categor\u00eda\/29-5-29-34pr-tl-y69k-l-5s-cp\/"},"modified":"2022-05-12T18:24:10","modified_gmt":"2022-05-12T23:24:10","slug":"29-5-29-34pr-tl-y69k-l-5s-cp-2","status":"publish","type":"product","link":"https:\/\/stmtires.com\/es\/shop\/yokohama\/29-5-29-34pr-tl-y69k-l-5s-cp-2\/","title":{"rendered":"29.5-29 34PR TL Y69K L-5S CP"},"content":{"rendered":"<p>OTR Bias L-5S Smooth Loader\/Dozer y neum\u00e1tico de veh\u00edculo subterr\u00e1neo adecuado para la construcci\u00f3n de canteras, miner\u00eda de superficie y subterr\u00e1nea.<\/p>\n","protected":false},"excerpt":{"rendered":"<p>OTR Bias L-5S Smooth Loader\/Dozer y neum\u00e1tico de veh\u00edculo subterr\u00e1neo adecuado para la construcci\u00f3n de canteras, miner\u00eda de superficie y subterr\u00e1nea.<\/p>\n","protected":false},"featured_media":220987,"comment_status":"open","ping_status":"closed","template":"","meta":{"_acf_changed":false,"subheading":[]},"product_model":[25948],"product_brand":[54],"product_cat":[19313,19355,19323,16319,19298,19253],"product_tag":[],"class_list":{"0":"post-168385","1":"product","2":"type-product","3":"status-publish","4":"has-post-thumbnail","6":"product_model-y69k-l-5s-es","7":"product_brand-yokohama","8":"product_cat-mineria","9":"product_cat-predisposicion","10":"product_cat-smartway-en-ingles","11":"product_cat-smooth","12":"product_cat-suave","13":"product_cat-uncategorized","14":"pa_tire-size-29-5r29-es","16":"first","17":"instock","18":"shipping-taxable","19":"purchasable","20":"product-type-simple"},"acf":[],"_links":{"self":[{"href":"https:\/\/stmtires.com\/es\/wp-json\/wp\/v2\/product\/168385","targetHints":{"allow":["GET"]}}],"collection":[{"href":"https:\/\/stmtires.com\/es\/wp-json\/wp\/v2\/product"}],"about":[{"href":"https:\/\/stmtires.com\/es\/wp-json\/wp\/v2\/types\/product"}],"replies":[{"embeddable":true,"href":"https:\/\/stmtires.com\/es\/wp-json\/wp\/v2\/comments?post=168385"}],"wp:featuredmedia":[{"embeddable":true,"href":"https:\/\/stmtires.com\/es\/wp-json\/wp\/v2\/media\/220987"}],"wp:attachment":[{"href":"https:\/\/stmtires.com\/es\/wp-json\/wp\/v2\/media?parent=168385"}],"wp:term":[{"taxonomy":"product_model","embeddable":true,"href":"https:\/\/stmtires.com\/es\/wp-json\/wp\/v2\/product_model?post=168385"},{"taxonomy":"product_brand","embeddable":true,"href":"https:\/\/stmtires.com\/es\/wp-json\/wp\/v2\/product_brand?post=168385"},{"taxonomy":"product_cat","embeddable":true,"href":"https:\/\/stmtires.com\/es\/wp-json\/wp\/v2\/product_cat?post=168385"},{"taxonomy":"product_tag","embeddable":true,"href":"https:\/\/stmtires.com\/es\/wp-json\/wp\/v2\/product_tag?post=168385"}],"curies":[{"name":"wp","href":"https:\/\/api.w.org\/{rel}","templated":true}]}}