{"id":168392,"date":"2022-05-12T18:24:06","date_gmt":"2022-05-12T23:24:06","guid":{"rendered":"https:\/\/website.dev.stmtires.com\/shop\/sin categor\u00eda\/26-5-25-32pr-tl-y69u-l-5s-cpsc\/"},"modified":"2022-05-12T18:24:06","modified_gmt":"2022-05-12T23:24:06","slug":"26-5-25-32pr-tl-y69u-l-5s-cpsc-2","status":"publish","type":"product","link":"https:\/\/stmtires.com\/es\/shop\/yokohama\/26-5-25-32pr-tl-y69u-l-5s-cpsc-2\/","title":{"rendered":"26.5-25 32PR TL Y69U L-5S CPSC"},"content":{"rendered":"<p>OTR Bias L-4S Smooth Deep Tread \/ L-5S Smooth Extra Deep Tread neum\u00e1tico adecuado para el servicio de cargador en miner\u00eda subterr\u00e1nea.<\/p>\n","protected":false},"excerpt":{"rendered":"<p>OTR Bias L-4S Smooth Deep Tread \/ L-5S Smooth Extra Deep Tread neum\u00e1tico adecuado para el servicio de cargador en miner\u00eda subterr\u00e1nea.<\/p>\n","protected":false},"featured_media":0,"comment_status":"open","ping_status":"closed","template":"","meta":{"_acf_changed":false,"subheading":[]},"product_model":[25944],"product_brand":[54],"product_cat":[19304,19313,16308,19355,19298,19253],"product_tag":[],"class_list":{"0":"post-168392","1":"product","2":"type-product","3":"status-publish","5":"product_model-y69u-l-4s-l-5s-es","6":"product_brand-yokohama","7":"product_cat-banda-de-rodadura-profunda","8":"product_cat-mineria","9":"product_cat-mining","10":"product_cat-predisposicion","11":"product_cat-suave","12":"product_cat-uncategorized","13":"pa_tire-size-265r25","15":"first","16":"instock","17":"shipping-taxable","18":"purchasable","19":"product-type-simple"},"acf":[],"_links":{"self":[{"href":"https:\/\/stmtires.com\/es\/wp-json\/wp\/v2\/product\/168392","targetHints":{"allow":["GET"]}}],"collection":[{"href":"https:\/\/stmtires.com\/es\/wp-json\/wp\/v2\/product"}],"about":[{"href":"https:\/\/stmtires.com\/es\/wp-json\/wp\/v2\/types\/product"}],"replies":[{"embeddable":true,"href":"https:\/\/stmtires.com\/es\/wp-json\/wp\/v2\/comments?post=168392"}],"wp:attachment":[{"href":"https:\/\/stmtires.com\/es\/wp-json\/wp\/v2\/media?parent=168392"}],"wp:term":[{"taxonomy":"product_model","embeddable":true,"href":"https:\/\/stmtires.com\/es\/wp-json\/wp\/v2\/product_model?post=168392"},{"taxonomy":"product_brand","embeddable":true,"href":"https:\/\/stmtires.com\/es\/wp-json\/wp\/v2\/product_brand?post=168392"},{"taxonomy":"product_cat","embeddable":true,"href":"https:\/\/stmtires.com\/es\/wp-json\/wp\/v2\/product_cat?post=168392"},{"taxonomy":"product_tag","embeddable":true,"href":"https:\/\/stmtires.com\/es\/wp-json\/wp\/v2\/product_tag?post=168392"}],"curies":[{"name":"wp","href":"https:\/\/api.w.org\/{rel}","templated":true}]}}