{"id":168401,"date":"2022-05-12T18:24:03","date_gmt":"2022-05-12T23:24:03","guid":{"rendered":"https:\/\/website.dev.stmtires.com\/shop\/sin categor\u00eda\/12-00-24-h-tl-y69u-l-4s-cpsc\/"},"modified":"2022-05-12T18:24:03","modified_gmt":"2022-05-12T23:24:03","slug":"12-00-24-h-tl-y69u-l-4s-cpsc-2","status":"publish","type":"product","link":"https:\/\/stmtires.com\/es\/shop\/yokohama\/12-00-24-h-tl-y69u-l-4s-cpsc-2\/","title":{"rendered":"12.00-24 H TL Y69U L-4S CPSC"},"content":{"rendered":"<p>OTR Bias L-4S Smooth Deep Tread \/ L-5S Smooth Extra Deep Tread neum\u00e1tico adecuado para el servicio de cargador en miner\u00eda subterr\u00e1nea.<\/p>\n","protected":false},"excerpt":{"rendered":"<p>OTR Bias L-4S Smooth Deep Tread \/ L-5S Smooth Extra Deep Tread neum\u00e1tico adecuado para el servicio de cargador en miner\u00eda subterr\u00e1nea.<\/p>\n","protected":false},"featured_media":0,"comment_status":"open","ping_status":"closed","template":"","meta":{"_acf_changed":false,"subheading":[]},"product_model":[25944],"product_brand":[54],"product_cat":[19304,19313,19355,19298,19253],"product_tag":[],"class_list":{"0":"post-168401","1":"product","2":"type-product","3":"status-publish","5":"product_model-y69u-l-4s-l-5s-es","6":"product_brand-yokohama","7":"product_cat-banda-de-rodadura-profunda","8":"product_cat-mineria","9":"product_cat-predisposicion","10":"product_cat-suave","11":"product_cat-uncategorized","12":"pa_tire-size-12r24-es","14":"first","15":"instock","16":"shipping-taxable","17":"purchasable","18":"product-type-simple"},"acf":[],"_links":{"self":[{"href":"https:\/\/stmtires.com\/es\/wp-json\/wp\/v2\/product\/168401","targetHints":{"allow":["GET"]}}],"collection":[{"href":"https:\/\/stmtires.com\/es\/wp-json\/wp\/v2\/product"}],"about":[{"href":"https:\/\/stmtires.com\/es\/wp-json\/wp\/v2\/types\/product"}],"replies":[{"embeddable":true,"href":"https:\/\/stmtires.com\/es\/wp-json\/wp\/v2\/comments?post=168401"}],"wp:attachment":[{"href":"https:\/\/stmtires.com\/es\/wp-json\/wp\/v2\/media?parent=168401"}],"wp:term":[{"taxonomy":"product_model","embeddable":true,"href":"https:\/\/stmtires.com\/es\/wp-json\/wp\/v2\/product_model?post=168401"},{"taxonomy":"product_brand","embeddable":true,"href":"https:\/\/stmtires.com\/es\/wp-json\/wp\/v2\/product_brand?post=168401"},{"taxonomy":"product_cat","embeddable":true,"href":"https:\/\/stmtires.com\/es\/wp-json\/wp\/v2\/product_cat?post=168401"},{"taxonomy":"product_tag","embeddable":true,"href":"https:\/\/stmtires.com\/es\/wp-json\/wp\/v2\/product_tag?post=168401"}],"curies":[{"name":"wp","href":"https:\/\/api.w.org\/{rel}","templated":true}]}}