{"id":168495,"date":"2022-05-12T11:24:48","date_gmt":"2022-05-12T16:24:48","guid":{"rendered":"https:\/\/website.dev.stmtires.com\/shop\/sin categor\u00eda\/p315-35r18-ll-proxes-tq\/"},"modified":"2022-05-12T11:24:48","modified_gmt":"2022-05-12T16:24:48","slug":"p315-35r18-ll-proxes-tq-2","status":"publish","type":"product","link":"https:\/\/stmtires.com\/es\/shop\/toyo-es\/p315-35r18-ll-proxes-tq-2\/","title":{"rendered":"P315\/35R18 LL PROXES TQ"},"content":{"rendered":"<p>Neum\u00e1tico DOT Drag Radial Competition para Muscle Cars y M\u00e1quinas de Calle y dise\u00f1ado para un viaje silencioso a casa.<\/p>\n","protected":false},"excerpt":{"rendered":"<p>Neum\u00e1tico DOT Drag Radial Competition para Muscle Cars y M\u00e1quinas de Calle y dise\u00f1ado para un viaje silencioso a casa.<\/p>\n","protected":false},"featured_media":0,"comment_status":"open","ping_status":"closed","template":"","meta":{"_acf_changed":false,"subheading":[]},"product_model":[25526],"product_brand":[15760],"product_cat":[19288,19289,19253],"product_tag":[],"class_list":{"0":"post-168495","1":"product","2":"type-product","3":"status-publish","5":"product_model-proxes-tq-es","6":"product_brand-toyo-es","7":"product_cat-conducir","8":"product_cat-radial-es","9":"product_cat-uncategorized","10":"pa_tire-size-315-35r18-es","12":"first","13":"instock","14":"shipping-taxable","15":"purchasable","16":"product-type-simple"},"acf":[],"_links":{"self":[{"href":"https:\/\/stmtires.com\/es\/wp-json\/wp\/v2\/product\/168495","targetHints":{"allow":["GET"]}}],"collection":[{"href":"https:\/\/stmtires.com\/es\/wp-json\/wp\/v2\/product"}],"about":[{"href":"https:\/\/stmtires.com\/es\/wp-json\/wp\/v2\/types\/product"}],"replies":[{"embeddable":true,"href":"https:\/\/stmtires.com\/es\/wp-json\/wp\/v2\/comments?post=168495"}],"wp:attachment":[{"href":"https:\/\/stmtires.com\/es\/wp-json\/wp\/v2\/media?parent=168495"}],"wp:term":[{"taxonomy":"product_model","embeddable":true,"href":"https:\/\/stmtires.com\/es\/wp-json\/wp\/v2\/product_model?post=168495"},{"taxonomy":"product_brand","embeddable":true,"href":"https:\/\/stmtires.com\/es\/wp-json\/wp\/v2\/product_brand?post=168495"},{"taxonomy":"product_cat","embeddable":true,"href":"https:\/\/stmtires.com\/es\/wp-json\/wp\/v2\/product_cat?post=168495"},{"taxonomy":"product_tag","embeddable":true,"href":"https:\/\/stmtires.com\/es\/wp-json\/wp\/v2\/product_tag?post=168495"}],"curies":[{"name":"wp","href":"https:\/\/api.w.org\/{rel}","templated":true}]}}