{"id":168522,"date":"2022-05-12T18:23:21","date_gmt":"2022-05-12T23:23:21","guid":{"rendered":"https:\/\/website.dev.stmtires.com\/shop\/sin categor\u00eda\/16-00r25-3-tl-rr41\/"},"modified":"2022-05-12T18:23:21","modified_gmt":"2022-05-12T23:23:21","slug":"16-00r25-3-tl-rr41-2","status":"publish","type":"product","link":"https:\/\/stmtires.com\/es\/shop\/yokohama\/16-00r25-3-tl-rr41-2\/","title":{"rendered":"16.00R25 3* TL RR41"},"content":{"rendered":"<p>Neum\u00e1tico OTR IND-4 Deep Tread dise\u00f1ado espec\u00edficamente para transportadores a horcajadas y dise\u00f1ado para prosperar en los entornos mineros m\u00e1s dif\u00edciles y superficies rocosas.<\/p>\n","protected":false},"excerpt":{"rendered":"<p>Neum\u00e1tico OTR IND-4 Deep Tread dise\u00f1ado espec\u00edficamente para transportadores a horcajadas y dise\u00f1ado para prosperar en los entornos mineros m\u00e1s dif\u00edciles y superficies rocosas.<\/p>\n","protected":false},"featured_media":221692,"comment_status":"open","ping_status":"closed","template":"","meta":{"_acf_changed":false,"subheading":[]},"product_model":[25792],"product_brand":[54],"product_cat":[19304,16316,19313,19253],"product_tag":[],"class_list":{"0":"post-168522","1":"product","2":"type-product","3":"status-publish","4":"has-post-thumbnail","6":"product_model-rr41-es","7":"product_brand-yokohama","8":"product_cat-banda-de-rodadura-profunda","9":"product_cat-deep-tread","10":"product_cat-mineria","11":"product_cat-uncategorized","12":"pa_tire-size-16r25-es","14":"first","15":"instock","16":"shipping-taxable","17":"purchasable","18":"product-type-simple"},"acf":[],"_links":{"self":[{"href":"https:\/\/stmtires.com\/es\/wp-json\/wp\/v2\/product\/168522","targetHints":{"allow":["GET"]}}],"collection":[{"href":"https:\/\/stmtires.com\/es\/wp-json\/wp\/v2\/product"}],"about":[{"href":"https:\/\/stmtires.com\/es\/wp-json\/wp\/v2\/types\/product"}],"replies":[{"embeddable":true,"href":"https:\/\/stmtires.com\/es\/wp-json\/wp\/v2\/comments?post=168522"}],"wp:featuredmedia":[{"embeddable":true,"href":"https:\/\/stmtires.com\/es\/wp-json\/wp\/v2\/media\/221692"}],"wp:attachment":[{"href":"https:\/\/stmtires.com\/es\/wp-json\/wp\/v2\/media?parent=168522"}],"wp:term":[{"taxonomy":"product_model","embeddable":true,"href":"https:\/\/stmtires.com\/es\/wp-json\/wp\/v2\/product_model?post=168522"},{"taxonomy":"product_brand","embeddable":true,"href":"https:\/\/stmtires.com\/es\/wp-json\/wp\/v2\/product_brand?post=168522"},{"taxonomy":"product_cat","embeddable":true,"href":"https:\/\/stmtires.com\/es\/wp-json\/wp\/v2\/product_cat?post=168522"},{"taxonomy":"product_tag","embeddable":true,"href":"https:\/\/stmtires.com\/es\/wp-json\/wp\/v2\/product_tag?post=168522"}],"curies":[{"name":"wp","href":"https:\/\/api.w.org\/{rel}","templated":true}]}}