{"id":168565,"date":"2022-05-12T18:22:55","date_gmt":"2022-05-12T23:22:55","guid":{"rendered":"https:\/\/website.dev.stmtires.com\/shop\/sin categor\u00eda\/185-55r15-avid-s34f\/"},"modified":"2022-05-12T18:22:55","modified_gmt":"2022-05-12T23:22:55","slug":"185-55r15-avid-s34f-2","status":"publish","type":"product","link":"https:\/\/stmtires.com\/es\/shop\/yokohama\/185-55r15-avid-s34f-2\/","title":{"rendered":"185\/55R15 AVID S34F"},"content":{"rendered":"<p>Neum\u00e1tico de autom\u00f3vil de pasajeros de alto rendimiento para todas las estaciones. Equipo original (OE) en veh\u00edculos seleccionados.<\/p>\n","protected":false},"excerpt":{"rendered":"<p>Neum\u00e1tico de autom\u00f3vil de pasajeros de alto rendimiento para todas las estaciones. Equipo original (OE) en veh\u00edculos seleccionados.<\/p>\n","protected":false},"featured_media":222140,"comment_status":"open","ping_status":"closed","template":"","meta":{"_acf_changed":false,"subheading":[]},"product_model":[25922],"product_brand":[54],"product_cat":[19264,19242,19295,19289,19253],"product_tag":[],"class_list":{"0":"post-168565","1":"product","2":"type-product","3":"status-publish","4":"has-post-thumbnail","6":"product_model-avid-s34f-s34fa-es","7":"product_brand-yokohama","8":"product_cat-alto-rendimiento-hp","9":"product_cat-equipo-original-oe","10":"product_cat-industrial-es","11":"product_cat-radial-es","12":"product_cat-uncategorized","13":"pa_tire-size-185-55r15-es","15":"first","16":"instock","17":"shipping-taxable","18":"purchasable","19":"product-type-simple"},"acf":[],"_links":{"self":[{"href":"https:\/\/stmtires.com\/es\/wp-json\/wp\/v2\/product\/168565","targetHints":{"allow":["GET"]}}],"collection":[{"href":"https:\/\/stmtires.com\/es\/wp-json\/wp\/v2\/product"}],"about":[{"href":"https:\/\/stmtires.com\/es\/wp-json\/wp\/v2\/types\/product"}],"replies":[{"embeddable":true,"href":"https:\/\/stmtires.com\/es\/wp-json\/wp\/v2\/comments?post=168565"}],"wp:featuredmedia":[{"embeddable":true,"href":"https:\/\/stmtires.com\/es\/wp-json\/wp\/v2\/media\/222140"}],"wp:attachment":[{"href":"https:\/\/stmtires.com\/es\/wp-json\/wp\/v2\/media?parent=168565"}],"wp:term":[{"taxonomy":"product_model","embeddable":true,"href":"https:\/\/stmtires.com\/es\/wp-json\/wp\/v2\/product_model?post=168565"},{"taxonomy":"product_brand","embeddable":true,"href":"https:\/\/stmtires.com\/es\/wp-json\/wp\/v2\/product_brand?post=168565"},{"taxonomy":"product_cat","embeddable":true,"href":"https:\/\/stmtires.com\/es\/wp-json\/wp\/v2\/product_cat?post=168565"},{"taxonomy":"product_tag","embeddable":true,"href":"https:\/\/stmtires.com\/es\/wp-json\/wp\/v2\/product_tag?post=168565"}],"curies":[{"name":"wp","href":"https:\/\/api.w.org\/{rel}","templated":true}]}}