{"id":168662,"date":"2022-05-12T18:22:44","date_gmt":"2022-05-12T23:22:44","guid":{"rendered":"https:\/\/website.dev.stmtires.com\/shop\/sin categor\u00eda\/p225-55r17-advan-a83a\/"},"modified":"2022-05-12T18:22:44","modified_gmt":"2022-05-12T23:22:44","slug":"p225-55r17-advan-a83a-2","status":"publish","type":"product","link":"https:\/\/stmtires.com\/es\/shop\/yokohama\/p225-55r17-advan-a83a-2\/","title":{"rendered":"P225\/55R17 ADVAN A83A"},"content":{"rendered":"<p>Neum\u00e1tico de autom\u00f3vil de pasajeros de alto rendimiento para todas las estaciones. Equipo original en veh\u00edculos seleccionados.<\/p>\n","protected":false},"excerpt":{"rendered":"<p>Neum\u00e1tico de autom\u00f3vil de pasajeros de alto rendimiento para todas las estaciones. Equipo original en veh\u00edculos seleccionados.<\/p>\n","protected":false},"featured_media":0,"comment_status":"open","ping_status":"closed","template":"","meta":{"_acf_changed":false,"subheading":[]},"product_model":[25805],"product_brand":[54],"product_cat":[19264,19242,19253],"product_tag":[],"class_list":{"0":"post-168662","1":"product","2":"type-product","3":"status-publish","5":"product_model-advan-a83a-es","6":"product_brand-yokohama","7":"product_cat-alto-rendimiento-hp","8":"product_cat-equipo-original-oe","9":"product_cat-uncategorized","10":"pa_tire-size-225-55r17-es","12":"first","13":"instock","14":"shipping-taxable","15":"purchasable","16":"product-type-simple"},"acf":[],"_links":{"self":[{"href":"https:\/\/stmtires.com\/es\/wp-json\/wp\/v2\/product\/168662","targetHints":{"allow":["GET"]}}],"collection":[{"href":"https:\/\/stmtires.com\/es\/wp-json\/wp\/v2\/product"}],"about":[{"href":"https:\/\/stmtires.com\/es\/wp-json\/wp\/v2\/types\/product"}],"replies":[{"embeddable":true,"href":"https:\/\/stmtires.com\/es\/wp-json\/wp\/v2\/comments?post=168662"}],"wp:attachment":[{"href":"https:\/\/stmtires.com\/es\/wp-json\/wp\/v2\/media?parent=168662"}],"wp:term":[{"taxonomy":"product_model","embeddable":true,"href":"https:\/\/stmtires.com\/es\/wp-json\/wp\/v2\/product_model?post=168662"},{"taxonomy":"product_brand","embeddable":true,"href":"https:\/\/stmtires.com\/es\/wp-json\/wp\/v2\/product_brand?post=168662"},{"taxonomy":"product_cat","embeddable":true,"href":"https:\/\/stmtires.com\/es\/wp-json\/wp\/v2\/product_cat?post=168662"},{"taxonomy":"product_tag","embeddable":true,"href":"https:\/\/stmtires.com\/es\/wp-json\/wp\/v2\/product_tag?post=168662"}],"curies":[{"name":"wp","href":"https:\/\/api.w.org\/{rel}","templated":true}]}}