{"id":168665,"date":"2022-05-12T18:22:42","date_gmt":"2022-05-12T23:22:42","guid":{"rendered":"https:\/\/website.dev.stmtires.com\/shop\/sin categor\u00eda\/245-35r20-xl-potenza-s007\/"},"modified":"2022-05-12T18:22:42","modified_gmt":"2022-05-12T23:22:42","slug":"245-35r20-xl-potenza-s007-2","status":"publish","type":"product","link":"https:\/\/stmtires.com\/es\/shop\/bridgestone-es\/245-35r20-xl-potenza-s007-2\/","title":{"rendered":"245\/35R20 XL POTENZA S007"},"content":{"rendered":"<p>Neum\u00e1tico de verano para autom\u00f3viles de pasajeros de ultra alto rendimiento Desarrollado especialmente para veh\u00edculos deportivos de alta velocidad. Equipo original: neum\u00e1tico de tecnolog\u00eda convencional y run-flat (RFT) en veh\u00edculos seleccionados.<\/p>\n","protected":false},"excerpt":{"rendered":"<p>Neum\u00e1tico de verano para autom\u00f3viles de pasajeros de ultra alto rendimiento Desarrollado especialmente para veh\u00edculos deportivos de alta velocidad. Equipo original: neum\u00e1tico de tecnolog\u00eda convencional y run-flat (RFT) en veh\u00edculos seleccionados.<\/p>\n","protected":false},"featured_media":0,"comment_status":"open","ping_status":"closed","template":"","meta":{"_acf_changed":false,"subheading":[]},"product_model":[23060],"product_brand":[],"product_cat":[19264,19271,19242,19336,16436,19253],"product_tag":[],"class_list":{"0":"post-168665","1":"product","2":"type-product","3":"status-publish","5":"product_model-potenza-s007-es","6":"product_cat-alto-rendimiento-hp","7":"product_cat-corre-plano","8":"product_cat-equipo-original-oe","9":"product_cat-posicion-del-remolque","10":"product_cat-rendimiento-ultra-alto-uhp","11":"product_cat-uncategorized","12":"pa_tire-size-245-35r20-es","14":"first","15":"instock","16":"shipping-taxable","17":"purchasable","18":"product-type-simple"},"acf":[],"_links":{"self":[{"href":"https:\/\/stmtires.com\/es\/wp-json\/wp\/v2\/product\/168665","targetHints":{"allow":["GET"]}}],"collection":[{"href":"https:\/\/stmtires.com\/es\/wp-json\/wp\/v2\/product"}],"about":[{"href":"https:\/\/stmtires.com\/es\/wp-json\/wp\/v2\/types\/product"}],"replies":[{"embeddable":true,"href":"https:\/\/stmtires.com\/es\/wp-json\/wp\/v2\/comments?post=168665"}],"wp:attachment":[{"href":"https:\/\/stmtires.com\/es\/wp-json\/wp\/v2\/media?parent=168665"}],"wp:term":[{"taxonomy":"product_model","embeddable":true,"href":"https:\/\/stmtires.com\/es\/wp-json\/wp\/v2\/product_model?post=168665"},{"taxonomy":"product_brand","embeddable":true,"href":"https:\/\/stmtires.com\/es\/wp-json\/wp\/v2\/product_brand?post=168665"},{"taxonomy":"product_cat","embeddable":true,"href":"https:\/\/stmtires.com\/es\/wp-json\/wp\/v2\/product_cat?post=168665"},{"taxonomy":"product_tag","embeddable":true,"href":"https:\/\/stmtires.com\/es\/wp-json\/wp\/v2\/product_tag?post=168665"}],"curies":[{"name":"wp","href":"https:\/\/api.w.org\/{rel}","templated":true}]}}