{"id":168729,"date":"2022-05-12T10:21:53","date_gmt":"2022-05-12T15:21:53","guid":{"rendered":"https:\/\/website.dev.stmtires.com\/shop\/sin categor\u00eda\/p275-65r18-rugged-trail-t-a-oe\/"},"modified":"2022-06-06T09:29:53","modified_gmt":"2022-06-06T14:29:53","slug":"p275-65r18-rugged-trail-t-a-oe-2","status":"publish","type":"product","link":"https:\/\/stmtires.com\/es\/shop\/bfgoodrich-es\/p275-65r18-rugged-trail-t-a-oe-2\/","title":{"rendered":"P275\/65R18 RUGGED TRAIL T\/A OE"},"content":{"rendered":"<p>Neum\u00e1tico de rendimiento para toda la temporada, en carretera y fuera de carretera para camiones ligeros de pasajeros \/ SUV. Neum\u00e1tico de equipo original para una gama de camiones populares. (<br \/>\n-DT &#8211; Diferente patr\u00f3n de banda de rodadura &#8211; Los dise\u00f1os de la banda de rodadura para OE Fitments variar\u00e1n.)<\/p>\n","protected":false},"excerpt":{"rendered":"<p>Neum\u00e1tico de rendimiento para toda la temporada, en carretera y fuera de carretera para camiones ligeros de pasajeros \/ SUV. Neum\u00e1tico de equipo original para una gama de camiones populares. ( -DT &#8211; Diferente patr\u00f3n de banda de rodadura &#8211; Los dise\u00f1os de la banda de rodadura para OE Fitments variar\u00e1n.)<\/p>\n","protected":false},"featured_media":0,"comment_status":"open","ping_status":"closed","template":"","meta":{"_acf_changed":false,"subheading":[]},"product_model":[25636],"product_brand":[15735],"product_cat":[25986,19253],"product_tag":[],"class_list":{"0":"post-168729","1":"product","2":"type-product","3":"status-publish","5":"product_model-rugged-trail-t-a-oe-es","6":"product_brand-bfgoodrich-es","7":"product_cat-luz-de-pasajero","8":"product_cat-uncategorized","9":"pa_tire-size-275-65r18-es","11":"first","12":"instock","13":"shipping-taxable","14":"purchasable","15":"product-type-simple"},"acf":[],"_links":{"self":[{"href":"https:\/\/stmtires.com\/es\/wp-json\/wp\/v2\/product\/168729","targetHints":{"allow":["GET"]}}],"collection":[{"href":"https:\/\/stmtires.com\/es\/wp-json\/wp\/v2\/product"}],"about":[{"href":"https:\/\/stmtires.com\/es\/wp-json\/wp\/v2\/types\/product"}],"replies":[{"embeddable":true,"href":"https:\/\/stmtires.com\/es\/wp-json\/wp\/v2\/comments?post=168729"}],"wp:attachment":[{"href":"https:\/\/stmtires.com\/es\/wp-json\/wp\/v2\/media?parent=168729"}],"wp:term":[{"taxonomy":"product_model","embeddable":true,"href":"https:\/\/stmtires.com\/es\/wp-json\/wp\/v2\/product_model?post=168729"},{"taxonomy":"product_brand","embeddable":true,"href":"https:\/\/stmtires.com\/es\/wp-json\/wp\/v2\/product_brand?post=168729"},{"taxonomy":"product_cat","embeddable":true,"href":"https:\/\/stmtires.com\/es\/wp-json\/wp\/v2\/product_cat?post=168729"},{"taxonomy":"product_tag","embeddable":true,"href":"https:\/\/stmtires.com\/es\/wp-json\/wp\/v2\/product_tag?post=168729"}],"curies":[{"name":"wp","href":"https:\/\/api.w.org\/{rel}","templated":true}]}}