{"id":168868,"date":"2022-05-12T11:40:14","date_gmt":"2022-05-12T16:40:14","guid":{"rendered":"https:\/\/website.dev.stmtires.com\/shop\/sin categor\u00eda\/11l-15fi-f-tl-autopista-especial-i-1\/"},"modified":"2022-05-12T11:40:14","modified_gmt":"2022-05-12T16:40:14","slug":"11l-15fi-f-tl-highway-special-i-1-2","status":"publish","type":"product","link":"https:\/\/stmtires.com\/es\/shop\/firestone-es\/11l-15fi-f-tl-highway-special-i-1-2\/","title":{"rendered":"11L-15FI F TL AUTOPISTA ESPECIAL I-1"},"content":{"rendered":"<p>Neum\u00e1tico de implemento de acanillado m\u00faltiple I-1 Bias agr\u00edcola para ruedas rodantes libres. D.O.T. Aprobado para velocidades de autopista con uso intermitente en carretera solamente.<\/p>\n","protected":false},"excerpt":{"rendered":"<p>Neum\u00e1tico de implemento de acanillado m\u00faltiple I-1 Bias agr\u00edcola para ruedas rodantes libres. D.O.T. Aprobado para velocidades de autopista con uso intermitente en carretera solamente.<\/p>\n","protected":false},"featured_media":0,"comment_status":"open","ping_status":"closed","template":"","meta":{"_acf_changed":false,"subheading":[]},"product_model":[25514],"product_brand":[15736],"product_cat":[26128,19324,26130,19355,16312,19287,19253],"product_tag":[],"class_list":{"0":"post-168868","1":"product","2":"type-product","3":"status-publish","5":"product_model-highway-special-i-1-es","6":"product_brand-firestone-es","7":"product_cat-agricola","8":"product_cat-costilla","9":"product_cat-instrumento","10":"product_cat-predisposicion","11":"product_cat-rib","12":"product_cat-servicio-de-autopistas","13":"product_cat-uncategorized","14":"pa_tire-size-11r15-es","16":"first","17":"instock","18":"shipping-taxable","19":"purchasable","20":"product-type-simple"},"acf":[],"_links":{"self":[{"href":"https:\/\/stmtires.com\/es\/wp-json\/wp\/v2\/product\/168868","targetHints":{"allow":["GET"]}}],"collection":[{"href":"https:\/\/stmtires.com\/es\/wp-json\/wp\/v2\/product"}],"about":[{"href":"https:\/\/stmtires.com\/es\/wp-json\/wp\/v2\/types\/product"}],"replies":[{"embeddable":true,"href":"https:\/\/stmtires.com\/es\/wp-json\/wp\/v2\/comments?post=168868"}],"wp:attachment":[{"href":"https:\/\/stmtires.com\/es\/wp-json\/wp\/v2\/media?parent=168868"}],"wp:term":[{"taxonomy":"product_model","embeddable":true,"href":"https:\/\/stmtires.com\/es\/wp-json\/wp\/v2\/product_model?post=168868"},{"taxonomy":"product_brand","embeddable":true,"href":"https:\/\/stmtires.com\/es\/wp-json\/wp\/v2\/product_brand?post=168868"},{"taxonomy":"product_cat","embeddable":true,"href":"https:\/\/stmtires.com\/es\/wp-json\/wp\/v2\/product_cat?post=168868"},{"taxonomy":"product_tag","embeddable":true,"href":"https:\/\/stmtires.com\/es\/wp-json\/wp\/v2\/product_tag?post=168868"}],"curies":[{"name":"wp","href":"https:\/\/api.w.org\/{rel}","templated":true}]}}