{"id":168907,"date":"2022-05-12T11:51:41","date_gmt":"2022-05-12T16:51:41","guid":{"rendered":"https:\/\/website.dev.stmtires.com\/shop\/sin categor\u00eda\/11l-16-f-tl-regency-frente-industrial-f-3\/"},"modified":"2022-05-12T11:51:41","modified_gmt":"2022-05-12T16:51:41","slug":"11l-16-f-tl-regencia-industrial-frontal-f-3","status":"publish","type":"product","link":"https:\/\/stmtires.com\/es\/shop\/firestone-es\/11l-16-f-tl-regencia-industrial-frontal-f-3\/","title":{"rendered":"11L-16 F TL REGENCY FRENTE INDUSTRIAL F-3"},"content":{"rendered":"<p>Neum\u00e1tico industrial especial F-3 espec\u00edficamente dise\u00f1ado para neum\u00e1ticos agr\u00edcolas en servicio industrial.<\/p>\n","protected":false},"excerpt":{"rendered":"<p>Neum\u00e1tico industrial especial F-3 espec\u00edficamente dise\u00f1ado para neum\u00e1ticos agr\u00edcolas en servicio industrial.<\/p>\n","protected":false},"featured_media":224645,"comment_status":"open","ping_status":"closed","template":"","meta":{"_acf_changed":false,"subheading":[]},"product_model":[25576],"product_brand":[15736],"product_cat":[26128,19295,16251,19253],"product_tag":[],"class_list":{"0":"post-168907","1":"product","2":"type-product","3":"status-publish","4":"has-post-thumbnail","6":"product_model-regency-industrial-front-f-3-es","7":"product_brand-firestone-es","8":"product_cat-agricola","9":"product_cat-industrial-es","10":"product_cat-industrial","11":"product_cat-uncategorized","12":"pa_tire-size-11r16-es","14":"first","15":"instock","16":"shipping-taxable","17":"purchasable","18":"product-type-simple"},"acf":[],"_links":{"self":[{"href":"https:\/\/stmtires.com\/es\/wp-json\/wp\/v2\/product\/168907","targetHints":{"allow":["GET"]}}],"collection":[{"href":"https:\/\/stmtires.com\/es\/wp-json\/wp\/v2\/product"}],"about":[{"href":"https:\/\/stmtires.com\/es\/wp-json\/wp\/v2\/types\/product"}],"replies":[{"embeddable":true,"href":"https:\/\/stmtires.com\/es\/wp-json\/wp\/v2\/comments?post=168907"}],"wp:featuredmedia":[{"embeddable":true,"href":"https:\/\/stmtires.com\/es\/wp-json\/wp\/v2\/media\/224645"}],"wp:attachment":[{"href":"https:\/\/stmtires.com\/es\/wp-json\/wp\/v2\/media?parent=168907"}],"wp:term":[{"taxonomy":"product_model","embeddable":true,"href":"https:\/\/stmtires.com\/es\/wp-json\/wp\/v2\/product_model?post=168907"},{"taxonomy":"product_brand","embeddable":true,"href":"https:\/\/stmtires.com\/es\/wp-json\/wp\/v2\/product_brand?post=168907"},{"taxonomy":"product_cat","embeddable":true,"href":"https:\/\/stmtires.com\/es\/wp-json\/wp\/v2\/product_cat?post=168907"},{"taxonomy":"product_tag","embeddable":true,"href":"https:\/\/stmtires.com\/es\/wp-json\/wp\/v2\/product_tag?post=168907"}],"curies":[{"name":"wp","href":"https:\/\/api.w.org\/{rel}","templated":true}]}}